{"id":930,"date":"2025-10-21T17:26:50","date_gmt":"2025-10-21T15:26:50","guid":{"rendered":"https:\/\/tameguard.de\/widerrufsbelehrung\/"},"modified":"2026-03-07T19:26:28","modified_gmt":"2026-03-07T18:26:28","slug":"zasady-anulowania","status":"publish","type":"page","link":"https:\/\/tameguard.de\/pl\/widerrufsbelehrung\/","title":{"rendered":"Zasady anulowania"},"content":{"rendered":"<p>Od 2025 r.<\/p>\n\n\n\n<h2 class=\"wp-block-heading\"><strong>Prawo odst\u0105pienia od umowy dla konsument\u00f3w<\/strong><\/h2>\n\n\n\n<p>Masz prawo w ramach <strong>14 dni<\/strong> do rozwi\u0105zania niniejszej umowy bez podania przyczyny.<\/p>\n\n\n\n<p>Termin odst\u0105pienia od umowy wynosi 14 dni od dnia, w kt\u00f3rym weszli Pa\u0144stwo w posiadanie rzeczy lub w kt\u00f3rym osoba trzecia inna ni\u017c przewo\u017anik i wskazana przez Pa\u0144stwa wesz\u0142a w posiadanie rzeczy.<\/p>\n\n\n\n<p><strong>Aby skorzysta\u0107 z prawa odst\u0105pienia od umowy, musz\u0105 Pa\u0144stwo poinformowa\u0107 nas o swojej decyzji o odst\u0105pieniu od niniejszej umowy w drodze jednoznacznego o\u015bwiadczenia (na przyk\u0142ad pismo wys\u0142ane poczt\u0105 lub poczt\u0105 elektroniczn\u0105). O\u015bwiadczenie nale\u017cy wys\u0142a\u0107 na adres:<\/strong><\/p>\n\n\n\n<p><strong>Maciej H\u00fcther<\/strong><br>c\/o flexdienst \u2013 #11512<br>Kurt-Schumacher-Stra\u00dfe 76<br>67663 Kaiserslautern<br>Niemcy<br>Adres e-mail: info@tameguard.de<\/p>\n\n\n\n<p>W tym celu mo\u017cna skorzysta\u0107 z za\u0142\u0105czonego wzoru formularza odst\u0105pienia od umowy, jednak nie jest to obowi\u0105zkowe.<\/p>\n\n\n\n<h2 class=\"wp-block-heading\"><strong>Konsekwencje odwo\u0142ania<\/strong><\/h2>\n\n\n\n<p>W przypadku odst\u0105pienia od umowy zwr\u00f3cimy Ci wszystkie otrzymane od Ciebie p\u0142atno\u015bci., <strong>w tym koszty dostawy<\/strong> (z wy\u0142\u0105czeniem wszelkich dodatkowych koszt\u00f3w wynikaj\u0105cych z wyboru innej metody dostawy ni\u017c nasza standardowa us\u0142uga dostawy), <strong>niezw\u0142ocznie, najp\u00f3\u017aniej w ci\u0105gu 14 dni<\/strong> do zwrotu od dnia, w kt\u00f3rym otrzymali\u015bmy od Pa\u0144stwa powiadomienie o odst\u0105pieniu od umowy.<\/p>\n\n\n\n<p>Zwrotu dokonamy t\u0105 sam\u0105 metod\u0105 p\u0142atno\u015bci, kt\u00f3r\u0105 u\u017cy\u0142e\u015b\/a\u015b do pierwotnej transakcji, chyba \u017ce wyra\u017anie uzgodniono inaczej.<\/p>\n\n\n\n<p>Mo\u017cemy odm\u00f3wi\u0107 zwrotu, <strong>do momentu otrzymania towaru z powrotem<\/strong> lub do czasu dostarczenia dowodu odes\u0142ania towaru \u2013 w zale\u017cno\u015bci od tego, co nast\u0105pi wcze\u015bniej.<\/p>\n\n\n\n<p>Oni maj\u0105 towar <strong>niezw\u0142ocznie, nie p\u00f3\u017aniej jednak ni\u017c w terminie 14 dni<\/strong> zwr\u00f3ci\u0107 lub przekaza\u0107 nam od dnia, w kt\u00f3rym poinformowali nas Pa\u0144stwo o odst\u0105pieniu od niniejszej umowy.<\/p>\n\n\n\n<p>Termin jest zachowany, je\u017celi ode\u015bl\u0105 Pa\u0144stwo towar przed up\u0142ywem terminu 14 dni.<\/p>\n\n\n\n<p>Oni nosz\u0105 <strong>bezpo\u015brednie koszty wysy\u0142ki zwrotnej<\/strong> towary.<\/p>\n\n\n\n<h2 class=\"wp-block-heading\"><strong>Wy\u0142\u0105czenie lub przedwczesne wyga\u015bni\u0119cie prawa odst\u0105pienia od umowy (artyku\u0142y higieniczne)<\/strong><\/h2>\n\n\n\n<p>Istnieje prawo odst\u0105pienia od umowy <strong>nie<\/strong> w umowach dostawy towar\u00f3w w zapiecz\u0119towanych opakowaniach,<\/p>\n\n\n\n<ul class=\"wp-block-list\">\n<li>ze wzgl\u0119d\u00f3w ochrony zdrowia lub higieny <strong>Nie nadaje si\u0119 do zwrotu<\/strong> Czy<\/li>\n\n\n\n<li>je\u015bli ich <strong>Plomba zosta\u0142a usuni\u0119ta lub uszkodzona po dostawie<\/strong> by\u0142o (\u00a7 312g ust. 2 nr 3 BGB).<\/li>\n<\/ul>\n\n\n\n<p>Dotyczy to w szczeg\u00f3lno\u015bci oferowanych <strong>Produkty TameGuard<\/strong>, w tym elementy klatki PETG, mi\u0119kkie kolce, pier\u015bcienie i blokada TPU, poniewa\u017c s\u0105 one uwa\u017cane za produkty maj\u0105ce kontakt z cia\u0142em <strong>noszone intymnie<\/strong> sta\u0107 si\u0119.<\/p>\n\n\n\n<p>Pod warunkiem, \u017ce plomba higieniczna jest nienaruszona <strong>nieuszkodzony<\/strong> Prawo odst\u0105pienia od umowy pozostaje niezmienne.<\/p>\n\n\n\n<h2 class=\"wp-block-heading\"><strong>Przyk\u0142adowy formularz odst\u0105pienia od umowy<\/strong><\/h2>\n\n\n\n<p><em>(Je\u015bli chcesz odst\u0105pi\u0107 od umowy, wype\u0142nij ten formularz i ode\u015blij go.)<\/em><\/p>\n\n\n\n<p><strong>Do:<\/strong><br>Maciej H\u00fcther<br>c\/o flexdienst \u2013 #11512<br>Kurt-Schumacher-Stra\u00dfe 76<br>67663 Kaiserslautern<br>Niemcy<br>Adres e-mail: info@tameguard.de<\/p>\n\n\n\n<pre class=\"wp-block-code\"><code>Niniejszym ja\/My(*) odst\u0119puj\u0119\/odst\u0119pujemy(*) od zawartej przeze mnie\/nas(*) umowy kupna nast\u0119puj\u0105cych towar\u00f3w(*): ______________________________________________________________________ Zam\u00f3wione dnia (*) \/ otrzymane dnia (*): ______________________________________________________________________ Imi\u0119 i nazwisko konsumenta(\u00f3w): ______________________________________________________________________ Adres konsumenta(\u00f3w): ______________________________________________________________________ Data\/Podpis (tylko w przypadku powiadomienia w formie papierowej): ______________________________________________________________________ (*) Niepotrzebne skre\u015bli\u0107.\n<\/code><\/pre>","protected":false},"excerpt":{"rendered":"<p>Stand: 2025 Widerrufsrecht f\u00fcr Verbraucher Sie haben das Recht, binnen 14 Tagen ohne Angabe von Gr\u00fcnden diesen Vertrag zu widerrufen. [&hellip;]<\/p>\n","protected":false},"author":1,"featured_media":0,"parent":0,"menu_order":0,"comment_status":"closed","ping_status":"closed","template":"","meta":{"_seopress_robots_primary_cat":"","_seopress_titles_title":"Widerrufsbelehrung - TameGuard R\u00fcckgabe &amp; Fristen","_seopress_titles_desc":"Widerrufsbelehrung von TameGuard: Alle wichtigen Informationen zu R\u00fcckgabe, Fristen, Bedingungen und deinem gesetzlichen Widerrufsrecht.","_seopress_robots_index":"","site-sidebar-layout":"default","site-content-layout":"","ast-site-content-layout":"default","site-content-style":"default","site-sidebar-style":"default","ast-global-header-display":"","ast-banner-title-visibility":"","ast-main-header-display":"","ast-hfb-above-header-display":"","ast-hfb-below-header-display":"","ast-hfb-mobile-header-display":"","site-post-title":"","ast-breadcrumbs-content":"","ast-featured-img":"","footer-sml-layout":"","ast-disable-related-posts":"","theme-transparent-header-meta":"","adv-header-id-meta":"","stick-header-meta":"","header-above-stick-meta":"","header-main-stick-meta":"","header-below-stick-meta":"","astra-migrate-meta-layouts":"default","ast-page-background-enabled":"default","ast-page-background-meta":{"desktop":{"background-color":"var(--ast-global-color-5)","background-image":"","background-repeat":"repeat","background-position":"center center","background-size":"auto","background-attachment":"scroll","background-type":"","background-media":"","overlay-type":"","overlay-color":"","overlay-opacity":"","overlay-gradient":""},"tablet":{"background-color":"","background-image":"","background-repeat":"repeat","background-position":"center center","background-size":"auto","background-attachment":"scroll","background-type":"","background-media":"","overlay-type":"","overlay-color":"","overlay-opacity":"","overlay-gradient":""},"mobile":{"background-color":"","background-image":"","background-repeat":"repeat","background-position":"center center","background-size":"auto","background-attachment":"scroll","background-type":"","background-media":"","overlay-type":"","overlay-color":"","overlay-opacity":"","overlay-gradient":""}},"ast-content-background-meta":{"desktop":{"background-color":"var(--ast-global-color-4)","background-image":"","background-repeat":"repeat","background-position":"center center","background-size":"auto","background-attachment":"scroll","background-type":"","background-media":"","overlay-type":"","overlay-color":"","overlay-opacity":"","overlay-gradient":""},"tablet":{"background-color":"var(--ast-global-color-4)","background-image":"","background-repeat":"repeat","background-position":"center center","background-size":"auto","background-attachment":"scroll","background-type":"","background-media":"","overlay-type":"","overlay-color":"","overlay-opacity":"","overlay-gradient":""},"mobile":{"background-color":"var(--ast-global-color-4)","background-image":"","background-repeat":"repeat","background-position":"center center","background-size":"auto","background-attachment":"scroll","background-type":"","background-media":"","overlay-type":"","overlay-color":"","overlay-opacity":"","overlay-gradient":""}},"footnotes":""},"class_list":["post-930","page","type-page","status-publish","hentry"],"_links":{"self":[{"href":"https:\/\/tameguard.de\/pl\/wp-json\/wp\/v2\/pages\/930","targetHints":{"allow":["GET"]}}],"collection":[{"href":"https:\/\/tameguard.de\/pl\/wp-json\/wp\/v2\/pages"}],"about":[{"href":"https:\/\/tameguard.de\/pl\/wp-json\/wp\/v2\/types\/page"}],"author":[{"embeddable":true,"href":"https:\/\/tameguard.de\/pl\/wp-json\/wp\/v2\/users\/1"}],"replies":[{"embeddable":true,"href":"https:\/\/tameguard.de\/pl\/wp-json\/wp\/v2\/comments?post=930"}],"version-history":[{"count":1,"href":"https:\/\/tameguard.de\/pl\/wp-json\/wp\/v2\/pages\/930\/revisions"}],"predecessor-version":[{"id":3698,"href":"https:\/\/tameguard.de\/pl\/wp-json\/wp\/v2\/pages\/930\/revisions\/3698"}],"wp:attachment":[{"href":"https:\/\/tameguard.de\/pl\/wp-json\/wp\/v2\/media?parent=930"}],"curies":[{"name":"wp","href":"https:\/\/api.w.org\/{rel}","templated":true}]}}