{"id":3638,"date":"2026-03-04T19:59:15","date_gmt":"2026-03-04T18:59:15","guid":{"rendered":"https:\/\/tameguard.de\/?page_id=3638"},"modified":"2026-04-08T15:05:55","modified_gmt":"2026-04-08T13:05:55","slug":"czesto-zadawane-pytania","status":"publish","type":"page","link":"https:\/\/tameguard.de\/pl\/faq\/","title":{"rendered":"FAQ"},"content":{"rendered":"<div data-elementor-type=\"wp-page\" data-elementor-id=\"3638\" class=\"elementor elementor-3638\">\n\t\t\t\t<div class=\"elementor-element elementor-element-34da9990 e-flex e-con-boxed e-con e-parent\" data-id=\"34da9990\" data-element_type=\"container\" data-e-type=\"container\">\n\t\t\t\t\t<div class=\"e-con-inner\">\n\t\t\t\t<div class=\"elementor-element elementor-element-5ea09620 elementor-widget elementor-widget-text-editor\" data-id=\"5ea09620\" data-element_type=\"widget\" data-e-type=\"widget\" data-widget_type=\"text-editor.default\">\n\t\t\t\t\t\t\t\t\t<p><strong>1. Jakie s\u0105 koszty wysy\u0142ki do r\u00f3\u017cnych kraj\u00f3w?<br \/><\/strong>Koszty wysy\u0142ki r\u00f3\u017cni\u0105 si\u0119 w zale\u017cno\u015bci od kraju. Szczeg\u00f3\u0142y znajdziesz tutaj. <a href=\"https:\/\/tameguard.de\/pl\/metody-wysylki\/\">Tutaj<\/a><\/p><p><strong data-pos=\"340\">Og\u0142oszenie:<\/strong>\u00a0W przypadku dostaw poza UE\u00a0<strong data-pos=\"393\">C\u0142a\/C\u0142a importowe<\/strong>\u00a0koszty, kt\u00f3re musi ponie\u015b\u0107 odbiorca.<\/p>\t\t\t\t\t\t\t\t<\/div>\n\t\t\t\t\t<\/div>\n\t\t\t\t<\/div>\n\t\t<div class=\"elementor-element elementor-element-e78a1db e-flex e-con-boxed e-con e-parent\" data-id=\"e78a1db\" data-element_type=\"container\" data-e-type=\"container\">\n\t\t\t\t\t<div class=\"e-con-inner\">\n\t\t\t\t<div class=\"elementor-element elementor-element-221d0a6 elementor-widget-divider--view-line elementor-widget elementor-widget-divider\" data-id=\"221d0a6\" data-element_type=\"widget\" data-e-type=\"widget\" data-widget_type=\"divider.default\">\n\t\t\t\t\t\t\t<div class=\"elementor-divider\">\n\t\t\t<span class=\"elementor-divider-separator\">\n\t\t\t\t\t\t<\/span>\n\t\t<\/div>\n\t\t\t\t\t\t<\/div>\n\t\t\t\t<div class=\"elementor-element elementor-element-2c34e5f elementor-widget elementor-widget-text-editor\" data-id=\"2c34e5f\" data-element_type=\"widget\" data-e-type=\"widget\" data-widget_type=\"text-editor.default\">\n\t\t\t\t\t\t\t\t\t<p><strong>2. Jak dobra\u0107 odpowiedni rozmiar klatki?<br \/><\/strong>Prawid\u0142owy rozmiar zale\u017cy przede wszystkim od\u00a0<strong data-pos=\"574\">Wymiary pier\u015bcienia\/podstawy<\/strong>\u00a0I\u00a0<strong data-pos=\"597\">D\u0142ugo\u015b\u0107 wa\u0142u\/wewn\u0119trzna<\/strong>\u00a0z dala.<\/p><p data-pos=\"623\"><strong data-pos=\"625\">Oto jak mierzy\u0107:<\/strong><\/p><ol data-pos=\"641\"><li data-pos=\"641\"><strong data-pos=\"646\">Pier\u015bcie\u0144\/Podstawa:<\/strong>\u00a0Zmierz obw\u00f3d w miejscu, w kt\u00f3rym pier\u015bcionek b\u0119dzie p\u00f3\u017aniej osadzony (ma przylega\u0107, ale nie uciska\u0107).<\/li><li data-pos=\"767\"><strong data-pos=\"772\">D\u0142ugo\u015b\u0107 wewn\u0119trzna:<\/strong>\u00a0Zmierz d\u0142ugo\u015b\u0107, kt\u00f3ra jest dla Ciebie wygodna (w lu\u017anej pozycji) \u2013 w zale\u017cno\u015bci od tego, jaki styl chcesz uzyska\u0107 (dyskretnie\/wygodnie).<\/li><\/ol><p data-pos=\"895\">Na naszym <a href=\"https:\/\/tameguard.de\/pl\/przewodnik-po-rozmiarach\/\">Przewodnik po rozmiarach<\/a> Tutaj znajdziesz stron\u0119\u00a0<strong data-pos=\"941\">Instrukcje krok po kroku<\/strong><\/p><p data-pos=\"1065\">Je\u015bli nie masz pewno\u015bci: Wy\u015blij nam swoje wymiary, a my przedstawimy Ci rekomendacj\u0119.<\/p>\t\t\t\t\t\t\t\t<\/div>\n\t\t\t\t\t<\/div>\n\t\t\t\t<\/div>\n\t\t<div class=\"elementor-element elementor-element-01cefc2 e-flex e-con-boxed e-con e-parent\" data-id=\"01cefc2\" data-element_type=\"container\" data-e-type=\"container\">\n\t\t\t\t\t<div class=\"e-con-inner\">\n\t\t\t\t<div class=\"elementor-element elementor-element-44a9bfb elementor-widget-divider--view-line elementor-widget elementor-widget-divider\" data-id=\"44a9bfb\" data-element_type=\"widget\" data-e-type=\"widget\" data-widget_type=\"divider.default\">\n\t\t\t\t\t\t\t<div class=\"elementor-divider\">\n\t\t\t<span class=\"elementor-divider-separator\">\n\t\t\t\t\t\t<\/span>\n\t\t<\/div>\n\t\t\t\t\t\t<\/div>\n\t\t\t\t<div class=\"elementor-element elementor-element-12e74e1 elementor-widget elementor-widget-text-editor\" data-id=\"12e74e1\" data-element_type=\"widget\" data-e-type=\"widget\" data-widget_type=\"text-editor.default\">\n\t\t\t\t\t\t\t\t\t<p><b>3. Czy istnieje spos\u00f3b na zwrot TameGuarda?<br \/><\/b>Tak. Mo\u017cesz u\u017cywa\u0107 TameGuard zgodnie z obowi\u0105zuj\u0105cymi przepisami. <a href=\"https:\/\/tameguard.de\/pl\/zasady-anulowania\/\">Polityka zwrot\u00f3w<\/a> zwr\u00f3\u0107 to, o ile <strong>Uszczelka higieniczna<\/strong> opakowanie <strong>nietkni\u0119ty<\/strong> Jest.<br data-start=\"321\" data-end=\"324\" \/>Ze wzgl\u0119d\u00f3w higienicznych TameGuard dostarczany jest w zapiecz\u0119towanym opakowaniu ochronnym, dlatego niestety zwrot nie b\u0119dzie mo\u017cliwy, je\u015bli plomba zostanie zerwana lub usuni\u0119ta.<br data-start=\"514\" data-end=\"517\" \/>Je\u017celi plomba jest nienaruszona, zwrot oczywi\u015bcie nie b\u0119dzie stanowi\u0142 problemu.<b><br \/><\/b><\/p>\t\t\t\t\t\t\t\t<\/div>\n\t\t\t\t\t<\/div>\n\t\t\t\t<\/div>\n\t\t<div class=\"elementor-element elementor-element-16dec30 e-flex e-con-boxed e-con e-parent\" data-id=\"16dec30\" data-element_type=\"container\" data-e-type=\"container\">\n\t\t\t\t\t<div class=\"e-con-inner\">\n\t\t\t\t<div class=\"elementor-element elementor-element-eed4a94 elementor-widget-divider--view-line elementor-widget elementor-widget-divider\" data-id=\"eed4a94\" data-element_type=\"widget\" data-e-type=\"widget\" data-widget_type=\"divider.default\">\n\t\t\t\t\t\t\t<div class=\"elementor-divider\">\n\t\t\t<span class=\"elementor-divider-separator\">\n\t\t\t\t\t\t<\/span>\n\t\t<\/div>\n\t\t\t\t\t\t<\/div>\n\t\t\t\t<div class=\"elementor-element elementor-element-7683fe7 elementor-widget elementor-widget-text-editor\" data-id=\"7683fe7\" data-element_type=\"widget\" data-e-type=\"widget\" data-widget_type=\"text-editor.default\">\n\t\t\t\t\t\t\t\t\t<p><b>4. Kt\u00f3re kolce\/listwy s\u0105 dla mnie odpowiednie?<br \/><\/b><b><\/b>Zale\u017cy to od tego, co jest dla Ciebie priorytetem:<\/p>\n<p data-pos=\"3516\"><strong data-pos=\"3518\">Wi\u0119cej komfortu i \u017cycia codziennego:<br \/><\/strong>raczej\u00a0<strong data-pos=\"3553\">u\u017cyj listew<br \/><\/strong>Idealne do d\u0142ugotrwa\u0142ego noszenia i dyskretnego noszenia<\/p>\n<p data-pos=\"3627\"><strong data-pos=\"3629\">Wi\u0119ksza kontrola \/ efekt \u201cantypobudzenia\u201d:<br \/><\/strong>raczej ostrzejsze\/d\u0142u\u017csze kolce<br \/>Silniejszy efekt, ale na pocz\u0105tku mo\u017ce by\u0107 konieczne przyzwyczajenie si\u0119.<\/p>\n<p data-pos=\"3786\"><strong data-pos=\"3788\">Nasza rada:<\/strong><br data-pos=\"3801\" \/>Zacznij od wersji o umiarkowanym nat\u0119\u017ceniu ruchu i zwi\u0119kszaj go dopiero wtedy, gdy masz pewno\u015b\u0107, \u017ce komfort, dopasowanie i kompatybilno\u015b\u0107 ze sk\u00f3r\u0105 s\u0105 dla Ciebie satysfakcjonuj\u0105ce.<b><\/b><\/p>\t\t\t\t\t\t\t\t<\/div>\n\t\t\t\t\t<\/div>\n\t\t\t\t<\/div>\n\t\t<div class=\"elementor-element elementor-element-0e9561f e-flex e-con-boxed e-con e-parent\" data-id=\"0e9561f\" data-element_type=\"container\" data-e-type=\"container\">\n\t\t\t\t\t<div class=\"e-con-inner\">\n\t\t\t\t<div class=\"elementor-element elementor-element-722e9f1 elementor-widget-divider--view-line elementor-widget elementor-widget-divider\" data-id=\"722e9f1\" data-element_type=\"widget\" data-e-type=\"widget\" data-widget_type=\"divider.default\">\n\t\t\t\t\t\t\t<div class=\"elementor-divider\">\n\t\t\t<span class=\"elementor-divider-separator\">\n\t\t\t\t\t\t<\/span>\n\t\t<\/div>\n\t\t\t\t\t\t<\/div>\n\t\t\t\t<div class=\"elementor-element elementor-element-9ec4c70 elementor-widget elementor-widget-text-editor\" data-id=\"9ec4c70\" data-element_type=\"widget\" data-e-type=\"widget\" data-widget_type=\"text-editor.default\">\n\t\t\t\t\t\t\t\t\t<p><b>5. Jak dyskretny jest TameGuard pod ubraniem?<br \/><\/b>To zale\u017cy od d\u0142ugo\u015bci klatki, jej kszta\u0142tu i ubioru. Kr\u00f3tsze, bardziej kompaktowe konfiguracje s\u0105 zazwyczaj...\u00a0<strong data-pos=\"4342\">dyskretny<\/strong>. Obcis\u0142e tkaniny\/jasne spodnie podkre\u015blaj\u0105 sylwetk\u0119 bardziej ni\u017c lu\u017ane lub ciemne ubrania.<\/p>\t\t\t\t\t\t\t\t<\/div>\n\t\t\t\t\t<\/div>\n\t\t\t\t<\/div>\n\t\t<div class=\"elementor-element elementor-element-74f0cff e-flex e-con-boxed e-con e-parent\" data-id=\"74f0cff\" data-element_type=\"container\" data-e-type=\"container\">\n\t\t\t\t\t<div class=\"e-con-inner\">\n\t\t\t\t<div class=\"elementor-element elementor-element-ccaa345 elementor-widget-divider--view-line elementor-widget elementor-widget-divider\" data-id=\"ccaa345\" data-element_type=\"widget\" data-e-type=\"widget\" data-widget_type=\"divider.default\">\n\t\t\t\t\t\t\t<div class=\"elementor-divider\">\n\t\t\t<span class=\"elementor-divider-separator\">\n\t\t\t\t\t\t<\/span>\n\t\t<\/div>\n\t\t\t\t\t\t<\/div>\n\t\t\t\t<div class=\"elementor-element elementor-element-88ffac8 elementor-widget elementor-widget-text-editor\" data-id=\"88ffac8\" data-element_type=\"widget\" data-e-type=\"widget\" data-widget_type=\"text-editor.default\">\n\t\t\t\t\t\t\t\t\t<p><b>6. Czy TameGuard jest wodoodporny\/czy mog\u0119 bra\u0107 w nim prysznic?<br \/><\/b>Generalnie tak \u2013 prysznic jest mo\u017cliwy, ale zalecamy wcze\u015bniejsze wyj\u0119cie klatki ze wzgl\u0119d\u00f3w higienicznych. Pozwala to r\u00f3wnie\u017c na skuteczniejsze czyszczenie i suszenie klatki osobno.<\/p>\t\t\t\t\t\t\t\t<\/div>\n\t\t\t\t\t<\/div>\n\t\t\t\t<\/div>\n\t\t<div class=\"elementor-element elementor-element-cd8002c e-flex e-con-boxed e-con e-parent\" data-id=\"cd8002c\" data-element_type=\"container\" data-e-type=\"container\">\n\t\t\t\t\t<div class=\"e-con-inner\">\n\t\t\t\t<div class=\"elementor-element elementor-element-2559a3b elementor-widget-divider--view-line elementor-widget elementor-widget-divider\" data-id=\"2559a3b\" data-element_type=\"widget\" data-e-type=\"widget\" data-widget_type=\"divider.default\">\n\t\t\t\t\t\t\t<div class=\"elementor-divider\">\n\t\t\t<span class=\"elementor-divider-separator\">\n\t\t\t\t\t\t<\/span>\n\t\t<\/div>\n\t\t\t\t\t\t<\/div>\n\t\t\t\t<div class=\"elementor-element elementor-element-ba7d22b elementor-widget elementor-widget-text-editor\" data-id=\"ba7d22b\" data-element_type=\"widget\" data-e-type=\"widget\" data-widget_type=\"text-editor.default\">\n\t\t\t\t\t\t\t\t\t<p><b>7. Czy mog\u0119 nosi\u0107 TameGuard przez d\u0142u\u017cszy czas w \u017cyciu codziennym?<br \/><\/b>Wiele os\u00f3b nosi TameGuard przez d\u0142u\u017cszy czas. Kluczowe czynniki to...\u00a0<strong data-pos=\"4828\">prawid\u0142owy rozmiar<\/strong>, Czy\u015b\u0107 kraw\u0119dzie\/dopasowanie oraz regularnie czy\u015b\u0107 i piel\u0119gnuj. W przypadku wyst\u0105pienia punkt\u00f3w nacisku, dr\u0119twienia lub b\u00f3lu: <strong data-pos=\"4950\">natychmiast<\/strong>\u00a0i sprawd\u017a rozmiar\/konfiguracj\u0119.<\/p>\t\t\t\t\t\t\t\t<\/div>\n\t\t\t\t\t<\/div>\n\t\t\t\t<\/div>\n\t\t<div class=\"elementor-element elementor-element-f8f5f05 e-flex e-con-boxed e-con e-parent\" data-id=\"f8f5f05\" data-element_type=\"container\" data-e-type=\"container\">\n\t\t\t\t\t<div class=\"e-con-inner\">\n\t\t\t\t<div class=\"elementor-element elementor-element-c7542af elementor-widget-divider--view-line elementor-widget elementor-widget-divider\" data-id=\"c7542af\" data-element_type=\"widget\" data-e-type=\"widget\" data-widget_type=\"divider.default\">\n\t\t\t\t\t\t\t<div class=\"elementor-divider\">\n\t\t\t<span class=\"elementor-divider-separator\">\n\t\t\t\t\t\t<\/span>\n\t\t<\/div>\n\t\t\t\t\t\t<\/div>\n\t\t\t\t<div class=\"elementor-element elementor-element-828bf75 elementor-widget elementor-widget-text-editor\" data-id=\"828bf75\" data-element_type=\"widget\" data-e-type=\"widget\" data-widget_type=\"text-editor.default\">\n\t\t\t\t\t\t\t\t\t<p><b>8. Z jakiego materia\u0142u wykonany jest TameGuard?\u00a0<br \/><\/b>TameGuard jest sprzedawany w Niemczech od <strong>wysokiej jako\u015bci materia\u0142y z wykorzystaniem druku 3D<\/strong> zrobiony fabrycznie.<\/p>\n<p>Klatka sama w sobie sk\u0142ada si\u0119 z <strong>PETG<\/strong>, wewn\u0119trzne SoftSpikes \/ <br \/>Listwy mi\u0119kkie z <strong>TPU<\/strong>. Wyb\u00f3r materia\u0142\u00f3w jest \u015bwiadomie podyktowany kompatybilno\u015bci\u0105 ze sk\u00f3r\u0105.,<br \/>Zaprojektowane z my\u015bl\u0105 o stabilno\u015bci i \u0142atwym czyszczeniu. Nie u\u017cyto \u017cadnych \u015brodk\u00f3w chemicznych.<br \/>Stosowane s\u0105 obr\u00f3bki ko\u0144cowe lub pow\u0142oki.<\/p>\t\t\t\t\t\t\t\t<\/div>\n\t\t\t\t\t<\/div>\n\t\t\t\t<\/div>\n\t\t<div class=\"elementor-element elementor-element-6c813a6 e-flex e-con-boxed e-con e-parent\" data-id=\"6c813a6\" data-element_type=\"container\" data-e-type=\"container\">\n\t\t\t\t\t<div class=\"e-con-inner\">\n\t\t\t\t<div class=\"elementor-element elementor-element-2ecc75f elementor-widget-divider--view-line elementor-widget elementor-widget-divider\" data-id=\"2ecc75f\" data-element_type=\"widget\" data-e-type=\"widget\" data-widget_type=\"divider.default\">\n\t\t\t\t\t\t\t<div class=\"elementor-divider\">\n\t\t\t<span class=\"elementor-divider-separator\">\n\t\t\t\t\t\t<\/span>\n\t\t<\/div>\n\t\t\t\t\t\t<\/div>\n\t\t\t\t<div class=\"elementor-element elementor-element-373b171 elementor-widget elementor-widget-text-editor\" data-id=\"373b171\" data-element_type=\"widget\" data-e-type=\"widget\" data-widget_type=\"text-editor.default\">\n\t\t\t\t\t\t\t\t\t<p><b>9. Jak d\u0142ugo trwa produkcja i dostawa?<br \/><\/b>Tw\u00f3j TameGuard jest drukowany na \u017c\u0105danie, co oznacza, \u017ce rozpoczynamy produkcj\u0119 natychmiast po otrzymaniu zam\u00f3wienia. Oznacza to jednak r\u00f3wnie\u017c, \u017ce w okresach wzmo\u017conego zapotrzebowania mo\u017ce by\u0107 wymagany pewien czas realizacji.<\/p>\n<p>Szacowany czas dostawy mo\u017ce si\u0119 r\u00f3\u017cni\u0107 w zale\u017cno\u015bci od kraju.<\/p>\n<ul class=\"wp-block-list\">\n<li><strong>Niemcy:<\/strong>\u00a04\u20138 dni roboczych<\/li>\n<li><strong>Unia Europejska (poza Niemcami):<\/strong>\u00a05\u201312 dni roboczych<\/li>\n<li><strong>Stany Zjednoczone Ameryki (USA):<\/strong>\u00a010\u201320 dni roboczych<\/li>\n<li><strong>Reszta \u015bwiata:<\/strong>\u00a010\u201325 dni roboczych<\/li>\n<\/ul>\n<p>Informacje te s\u0105\u00a0<strong>Warto\u015bci orientacyjne<\/strong>.<\/p>\t\t\t\t\t\t\t\t<\/div>\n\t\t\t\t<div class=\"elementor-element elementor-element-4d79b9d elementor-widget-divider--view-line elementor-widget elementor-widget-divider\" data-id=\"4d79b9d\" data-element_type=\"widget\" data-e-type=\"widget\" data-widget_type=\"divider.default\">\n\t\t\t\t\t\t\t<div class=\"elementor-divider\">\n\t\t\t<span class=\"elementor-divider-separator\">\n\t\t\t\t\t\t<\/span>\n\t\t<\/div>\n\t\t\t\t\t\t<\/div>\n\t\t\t\t<div class=\"elementor-element elementor-element-ff86fbd elementor-widget elementor-widget-text-editor\" data-id=\"ff86fbd\" data-element_type=\"widget\" data-e-type=\"widget\" data-widget_type=\"text-editor.default\">\n\t\t\t\t\t\t\t\t\t<p><b>10. Czy mog\u0119 zam\u00f3wi\u0107 cz\u0119\u015bci zamienne?<br \/><\/b>Tak \u2013 mo\u017cesz w ka\u017cdej chwili zam\u00f3wi\u0107 cz\u0119\u015bci zamienne i kompatybilne akcesoria. Je\u015bli podasz nam numer zam\u00f3wienia, pomo\u017cemy Ci znale\u017a\u0107 dok\u0142adnie t\u0119 cz\u0119\u015b\u0107, kt\u00f3rej potrzebujesz. <a href=\"https:\/\/tameguard.de\/pl\/produkt\/klatka-szybowa\/\">Tutaj<\/a> Czy znajdziesz <strong>Klatki<\/strong> indywidualnie, <a href=\"https:\/\/tameguard.de\/pl\/produkt\/pierscien\/\">Tutaj<\/a> ten <strong>Pier\u015bcienie.<\/strong><\/p>\t\t\t\t\t\t\t\t<\/div>\n\t\t\t\t<div class=\"elementor-element elementor-element-abd6318 elementor-widget-divider--view-line elementor-widget elementor-widget-divider\" data-id=\"abd6318\" data-element_type=\"widget\" data-e-type=\"widget\" data-widget_type=\"divider.default\">\n\t\t\t\t\t\t\t<div class=\"elementor-divider\">\n\t\t\t<span class=\"elementor-divider-separator\">\n\t\t\t\t\t\t<\/span>\n\t\t<\/div>\n\t\t\t\t\t\t<\/div>\n\t\t\t\t<div class=\"elementor-element elementor-element-de8498d elementor-widget elementor-widget-text-editor\" data-id=\"de8498d\" data-element_type=\"widget\" data-e-type=\"widget\" data-widget_type=\"text-editor.default\">\n\t\t\t\t\t\t\t\t\t<p><b>11. Czy opakowanie jest dyskretne?<br \/><\/b>Tak \u2013 wysy\u0142amy\u00a0<strong data-pos=\"5933\">dyskretny<\/strong>, bez wyra\u017anego wskazania zawarto\u015bci. Szczeg\u00f3\u0142y dotycz\u0105ce nazwy nadawcy\/opakowania mo\u017cna znale\u017a\u0107 na stronie wysy\u0142ki.<\/p>\t\t\t\t\t\t\t\t<\/div>\n\t\t\t\t<div class=\"elementor-element elementor-element-50070fd elementor-widget-divider--view-line elementor-widget elementor-widget-divider\" data-id=\"50070fd\" data-element_type=\"widget\" data-e-type=\"widget\" data-widget_type=\"divider.default\">\n\t\t\t\t\t\t\t<div class=\"elementor-divider\">\n\t\t\t<span class=\"elementor-divider-separator\">\n\t\t\t\t\t\t<\/span>\n\t\t<\/div>\n\t\t\t\t\t\t<\/div>\n\t\t\t\t<div class=\"elementor-element elementor-element-387398b elementor-widget elementor-widget-text-editor\" data-id=\"387398b\" data-element_type=\"widget\" data-e-type=\"widget\" data-widget_type=\"text-editor.default\">\n\t\t\t\t\t\t\t\t\t<p><b>12. Jak dzia\u0142a wsparcie techniczne, je\u015bli potrzebuj\u0119 pomocy w konfiguracji?<br \/><\/b><span style=\"font-size: 16px;\">Napisz nam kr\u00f3tk\u0105 histori\u0119 o naszym <a href=\"https:\/\/tameguard.de\/pl\/kontakt\/\">Formularz kontaktowy<\/a> (Najlepiej z pomiarami i po\u017c\u0105danym celem: dyskrecja\/komfort\/kontrola). Odpowiemy konkretn\u0105 rekomendacj\u0105.<\/span><\/p>\n<div class=\"changes__c271\" data-test=\"ticket-feed\">\n<div class=\"ring-ui-split_d212 ring-ui-common_c755 ring-ui-buttonGroup_d52e container__c758\" data-noprint=\"true\" data-test=\"ring-button-group\">\u00a0<\/div>\n<\/div>\t\t\t\t\t\t\t\t<\/div>\n\t\t\t\t\t<\/div>\n\t\t\t\t<\/div>\n\t\t\t\t<\/div>","protected":false},"excerpt":{"rendered":"<p>1. Was kostet der Versand in verschiedene L\u00e4nder?Die Versandkosten variieren je nach Land. Die Details dazu findest du hier Hinweis:\u00a0Bei [&hellip;]<\/p>\n","protected":false},"author":2,"featured_media":0,"parent":0,"menu_order":0,"comment_status":"closed","ping_status":"closed","template":"","meta":{"_seopress_robots_primary_cat":"","_seopress_titles_title":"FAQ - alle Fragen, die h\u00e4ufig zum TameGuard gestellt werden","_seopress_titles_desc":"TameGuard FAQ: Antworten zu Anwendung, Gr\u00f6\u00dfenwahl, Reinigung, Versand und Sicherheit \u2013 schnell erkl\u00e4rt f\u00fcr deine wichtigsten Fragen zum Produkt.","_seopress_robots_index":"","site-sidebar-layout":"default","site-content-layout":"","ast-site-content-layout":"default","site-content-style":"default","site-sidebar-style":"default","ast-global-header-display":"","ast-banner-title-visibility":"","ast-main-header-display":"","ast-hfb-above-header-display":"","ast-hfb-below-header-display":"","ast-hfb-mobile-header-display":"","site-post-title":"","ast-breadcrumbs-content":"","ast-featured-img":"","footer-sml-layout":"","ast-disable-related-posts":"","theme-transparent-header-meta":"","adv-header-id-meta":"","stick-header-meta":"","header-above-stick-meta":"","header-main-stick-meta":"","header-below-stick-meta":"","astra-migrate-meta-layouts":"default","ast-page-background-enabled":"default","ast-page-background-meta":{"desktop":{"background-color":"var(--ast-global-color-5)","background-image":"","background-repeat":"repeat","background-position":"center center","background-size":"auto","background-attachment":"scroll","background-type":"","background-media":"","overlay-type":"","overlay-color":"","overlay-opacity":"","overlay-gradient":""},"tablet":{"background-color":"","background-image":"","background-repeat":"repeat","background-position":"center center","background-size":"auto","background-attachment":"scroll","background-type":"","background-media":"","overlay-type":"","overlay-color":"","overlay-opacity":"","overlay-gradient":""},"mobile":{"background-color":"","background-image":"","background-repeat":"repeat","background-position":"center center","background-size":"auto","background-attachment":"scroll","background-type":"","background-media":"","overlay-type":"","overlay-color":"","overlay-opacity":"","overlay-gradient":""}},"ast-content-background-meta":{"desktop":{"background-color":"var(--ast-global-color-4)","background-image":"","background-repeat":"repeat","background-position":"center center","background-size":"auto","background-attachment":"scroll","background-type":"","background-media":"","overlay-type":"","overlay-color":"","overlay-opacity":"","overlay-gradient":""},"tablet":{"background-color":"var(--ast-global-color-4)","background-image":"","background-repeat":"repeat","background-position":"center center","background-size":"auto","background-attachment":"scroll","background-type":"","background-media":"","overlay-type":"","overlay-color":"","overlay-opacity":"","overlay-gradient":""},"mobile":{"background-color":"var(--ast-global-color-4)","background-image":"","background-repeat":"repeat","background-position":"center center","background-size":"auto","background-attachment":"scroll","background-type":"","background-media":"","overlay-type":"","overlay-color":"","overlay-opacity":"","overlay-gradient":""}},"footnotes":""},"class_list":["post-3638","page","type-page","status-publish","hentry"],"_links":{"self":[{"href":"https:\/\/tameguard.de\/pl\/wp-json\/wp\/v2\/pages\/3638","targetHints":{"allow":["GET"]}}],"collection":[{"href":"https:\/\/tameguard.de\/pl\/wp-json\/wp\/v2\/pages"}],"about":[{"href":"https:\/\/tameguard.de\/pl\/wp-json\/wp\/v2\/types\/page"}],"author":[{"embeddable":true,"href":"https:\/\/tameguard.de\/pl\/wp-json\/wp\/v2\/users\/2"}],"replies":[{"embeddable":true,"href":"https:\/\/tameguard.de\/pl\/wp-json\/wp\/v2\/comments?post=3638"}],"version-history":[{"count":10,"href":"https:\/\/tameguard.de\/pl\/wp-json\/wp\/v2\/pages\/3638\/revisions"}],"predecessor-version":[{"id":5076,"href":"https:\/\/tameguard.de\/pl\/wp-json\/wp\/v2\/pages\/3638\/revisions\/5076"}],"wp:attachment":[{"href":"https:\/\/tameguard.de\/pl\/wp-json\/wp\/v2\/media?parent=3638"}],"curies":[{"name":"wp","href":"https:\/\/api.w.org\/{rel}","templated":true}]}}