{"id":4776,"date":"2026-04-03T21:44:40","date_gmt":"2026-04-03T19:44:40","guid":{"rendered":"http:\/\/tameguard.local\/produkt\/tameguard-schloss\/"},"modified":"2026-04-08T14:55:28","modified_gmt":"2026-04-08T12:55:28","slug":"serratura","status":"publish","type":"product","link":"https:\/\/tameguard.de\/it\/produkt\/schloss\/","title":{"rendered":"Serratura"},"content":{"rendered":"<h3 data-start=\"168\" data-end=\"241\">Serrature TameGuard: chiusura sicura per la tua gabbia di castit\u00e0.<\/h3>\n<p data-start=\"243\" data-end=\"391\">Le serrature TameGuard sono progettate per l&#039;uso quotidiano e offrono una soluzione affidabile e durevole per le vostre esigenze. <strong data-start=\"370\" data-end=\"390\">gabbia di castit\u00e0<\/strong>.<\/p>\n<p data-start=\"393\" data-end=\"508\">Realizzati in ottone resistente alla corrosione, sono robusti, facili da pulire e possono essere indossati senza problemi anche sotto la doccia.<\/p>\n<h5 data-start=\"627\" data-end=\"670\">Standard o Premium: la differenza<\/h5>\n<p data-start=\"672\" data-end=\"786\"><strong data-start=\"672\" data-end=\"704\">Standard (con la stessa chiave):<\/strong><br data-start=\"704\" data-end=\"707\" \/>Una sola chiave apre pi\u00f9 serrature.<br data-start=\"746\" data-end=\"749\" \/>Una soluzione economica e funzionale.<\/p>\n<p data-start=\"788\" data-end=\"982\"><strong data-start=\"788\" data-end=\"824\">Premium (con tasti diversi):<\/strong><br data-start=\"824\" data-end=\"827\" \/>Ogni serratura ha la sua chiave: questa chiave apre solo quella specifica serratura.<br data-start=\"916\" data-end=\"919\" \/>Maggiore sicurezza e un ambiente pi\u00f9 personalizzato ed esclusivo.<\/p>\n<h5 data-start=\"989\" data-end=\"1006\">Caratteristiche<\/h5>\n<ul data-start=\"1008\" data-end=\"1175\">\n<li data-start=\"1008\" data-end=\"1050\">Robusta struttura metallica in ottone<\/li>\n<li data-start=\"1051\" data-end=\"1092\">Resistente alla corrosione e lavabile sotto la doccia.<\/li>\n<li data-start=\"1093\" data-end=\"1131\">Adatto all&#039;uso quotidiano<\/li>\n<li data-start=\"1132\" data-end=\"1175\">La consegna include 2 chiavi corrispondenti<\/li>\n<\/ul>","protected":false},"excerpt":{"rendered":"<p>Serrature per gabbie di castit\u00e0 TameGuard \u2013 scegli tra standard (chiave unica: una chiave apre pi\u00f9 serrature) o premium da <span class=\"hover:entity-accent entity-underline inline cursor-pointer align-baseline\"><span class=\"whitespace-normal\">Guardia del castello<\/span><\/span> (Chiavi diverse: ogni chiave apre solo la propria serratura). Robusta, sicura e adatta all&#039;uso quotidiano in doccia.<\/p>","protected":false},"featured_media":5023,"template":"","meta":{"_seopress_robots_primary_cat":"","_seopress_titles_title":"TameGuard Schloss f\u00fcr Keuschheitsk\u00e4fig \u2013 Standard &amp; Premium","_seopress_titles_desc":"Schloss f\u00fcr Keuschheitsk\u00e4fig: TameGuard Standard (gleichschlie\u00dfend) oder Premium (verschiedenschlie\u00dfend). Robust, duschgeeignet &amp; alltagstauglich.","_seopress_robots_index":"","site-sidebar-layout":"default","site-content-layout":"","ast-site-content-layout":"default","site-content-style":"default","site-sidebar-style":"default","ast-global-header-display":"","ast-banner-title-visibility":"","ast-main-header-display":"","ast-hfb-above-header-display":"","ast-hfb-below-header-display":"","ast-hfb-mobile-header-display":"","site-post-title":"","ast-breadcrumbs-content":"","ast-featured-img":"","footer-sml-layout":"","ast-disable-related-posts":"","theme-transparent-header-meta":"default","adv-header-id-meta":"","stick-header-meta":"","header-above-stick-meta":"","header-main-stick-meta":"","header-below-stick-meta":"","astra-migrate-meta-layouts":"set","ast-page-background-enabled":"default","ast-page-background-meta":{"desktop":{"background-color":"var(--ast-global-color-5)","background-image":"","background-repeat":"repeat","background-position":"center center","background-size":"auto","background-attachment":"scroll","background-type":"","background-media":"","overlay-type":"","overlay-color":"","overlay-opacity":"","overlay-gradient":""},"tablet":{"background-color":"","background-image":"","background-repeat":"repeat","background-position":"center center","background-size":"auto","background-attachment":"scroll","background-type":"","background-media":"","overlay-type":"","overlay-color":"","overlay-opacity":"","overlay-gradient":""},"mobile":{"background-color":"","background-image":"","background-repeat":"repeat","background-position":"center center","background-size":"auto","background-attachment":"scroll","background-type":"","background-media":"","overlay-type":"","overlay-color":"","overlay-opacity":"","overlay-gradient":""}},"ast-content-background-meta":{"desktop":{"background-color":"var(--ast-global-color-4)","background-image":"","background-repeat":"repeat","background-position":"center center","background-size":"auto","background-attachment":"scroll","background-type":"","background-media":"","overlay-type":"","overlay-color":"","overlay-opacity":"","overlay-gradient":""},"tablet":{"background-color":"var(--ast-global-color-4)","background-image":"","background-repeat":"repeat","background-position":"center center","background-size":"auto","background-attachment":"scroll","background-type":"","background-media":"","overlay-type":"","overlay-color":"","overlay-opacity":"","overlay-gradient":""},"mobile":{"background-color":"var(--ast-global-color-4)","background-image":"","background-repeat":"repeat","background-position":"center center","background-size":"auto","background-attachment":"scroll","background-type":"","background-media":"","overlay-type":"","overlay-color":"","overlay-opacity":"","overlay-gradient":""}}},"product_brand":[],"product_cat":[24],"product_tag":[],"class_list":{"0":"post-4776","1":"product","2":"type-product","3":"status-publish","4":"has-post-thumbnail","6":"product_cat-unkategorisiert","7":"desktop-align-center","8":"tablet-align-left","9":"mobile-align-left","11":"first","12":"instock","13":"shipping-taxable","14":"purchasable","15":"product-type-variable","16":"has-default-attributes","17":"rtwpvg-product"},"_links":{"self":[{"href":"https:\/\/tameguard.de\/it\/wp-json\/wp\/v2\/product\/4776","targetHints":{"allow":["GET"]}}],"collection":[{"href":"https:\/\/tameguard.de\/it\/wp-json\/wp\/v2\/product"}],"about":[{"href":"https:\/\/tameguard.de\/it\/wp-json\/wp\/v2\/types\/product"}],"version-history":[{"count":6,"href":"https:\/\/tameguard.de\/it\/wp-json\/wp\/v2\/product\/4776\/revisions"}],"predecessor-version":[{"id":5066,"href":"https:\/\/tameguard.de\/it\/wp-json\/wp\/v2\/product\/4776\/revisions\/5066"}],"wp:featuredmedia":[{"embeddable":true,"href":"https:\/\/tameguard.de\/it\/wp-json\/wp\/v2\/media\/5023"}],"wp:attachment":[{"href":"https:\/\/tameguard.de\/it\/wp-json\/wp\/v2\/media?parent=4776"}],"wp:term":[{"taxonomy":"product_brand","embeddable":true,"href":"https:\/\/tameguard.de\/it\/wp-json\/wp\/v2\/product_brand?post=4776"},{"taxonomy":"product_cat","embeddable":true,"href":"https:\/\/tameguard.de\/it\/wp-json\/wp\/v2\/product_cat?post=4776"},{"taxonomy":"product_tag","embeddable":true,"href":"https:\/\/tameguard.de\/it\/wp-json\/wp\/v2\/product_tag?post=4776"}],"curies":[{"name":"wp","href":"https:\/\/api.w.org\/{rel}","templated":true}]}}