{"id":931,"date":"2025-10-21T17:26:50","date_gmt":"2025-10-21T15:26:50","guid":{"rendered":"https:\/\/tameguard.de\/versandarten\/"},"modified":"2026-03-07T19:18:47","modified_gmt":"2026-03-07T18:18:47","slug":"metodi-di-spedizione","status":"publish","type":"page","link":"https:\/\/tameguard.de\/it\/versandarten\/","title":{"rendered":"Metodi di spedizione"},"content":{"rendered":"<p>La spedizione viene effettuata <strong>in esclusiva con DHL<\/strong>.<br>Tutti gli ordini saranno <strong>dalla Germania<\/strong> spedito e include <strong>Spedizione premium con tracciamento della spedizione.<\/strong>.<br>Questo vale per la Germania, l&#039;Unione Europea e le consegne in tutto il mondo.<\/p>\n\n\n\n<h4 class=\"wp-block-heading\"><strong>Spedizione discreta<\/strong><\/h4>\n\n\n\n<p>Tutti gli ordini saranno <strong>Assolutamente discreto<\/strong> inviato.<br>La confezione \u00e8 neutra e contiene <strong>nessuna prova di TameGuard<\/strong>, prodotti erotici o il contenuto del programma.<br>L&#039;indirizzo del mittente \u00e8 un indirizzo neutro, privo di qualsiasi riferimento a marchi o prodotti.<\/p>\n\n\n\n<h2 class=\"wp-block-heading\"><strong>Costi di spedizione<\/strong><\/h2>\n\n\n\n<h3 class=\"wp-block-heading\">\ud83c\udde9\ud83c\uddea <strong>Germania<\/strong><\/h3>\n\n\n\n<p><strong>5,90 \u20ac<\/strong><br>Spedizione DHL Premium con tracciamento incluso.<\/p>\n\n\n\n<h3 class=\"wp-block-heading\">\ud83c\uddea\ud83c\uddfa <strong>Unione Europea (al di fuori della Germania)<\/strong><\/h3>\n\n\n\n<p><strong>9,90 \u20ac<\/strong><br>Spedizione DHL Premium con tracciamento incluso.<\/p>\n\n\n\n<p>Si applica ai seguenti paesi dell&#039;UE:<br>Belgio, Danimarca, Francia, Lussemburgo, Monaco, Paesi Bassi, Austria, Polonia, Repubblica Ceca, Bulgaria, Estonia, Finlandia, Grecia, Irlanda, Italia, Croazia, Lettonia, Lituania, Malta, Portogallo, Romania, Svezia, Slovenia, Spagna, Slovacchia, Ungheria.<\/p>\n\n\n\n<h3 class=\"wp-block-heading\">\ud83c\uddfa\ud83c\uddf8 <strong>Stati Uniti d&#039;America (USA)<\/strong><\/h3>\n\n\n\n<p><strong>35,90 \u20ac<\/strong><br>DHL Premium International con tracciamento e sdoganamento inclusi (PDDP)<\/p>\n\n\n\n<p><strong>Un avviso:<\/strong><br>A causa delle attuali normative doganali e di sicurezza pi\u00f9 severe negli Stati Uniti, nonch\u00e9 del requisito di DHL di spedire merci esclusivamente in <strong>Consegna postale con dazi doganali pagati (PDDP)<\/strong>A causa delle procedure di spedizione, i costi dalla Germania sono aumentati notevolmente.<br>Continuiamo a effettuare spedizioni verso gli Stati Uniti, ma dobbiamo tenere conto dell&#039;aumento delle tariffe internazionali di DHL e dei possibili tempi di transito pi\u00f9 lunghi.<\/p>\n\n\n\n<h3 class=\"wp-block-heading\">\ud83c\udf0d <strong>Resto del mondo<\/strong><\/h3>\n\n\n\n<p><strong>a partire da 14,90 \u20ac<\/strong><br>DHL Premium International<\/p>\n\n\n\n<p>Notare che:<br>A seconda del paese di destinazione <strong>Norme di spedizione non conformi<\/strong>, <strong>restrizioni locali<\/strong>, <strong>diverse durate contrattuali<\/strong> nonch\u00e9 un <strong>Tracciamento della spedizione limitato o non disponibile<\/strong> apparire.<br>Poich\u00e9 non possiamo riportare in modo esaustivo tutte le condizioni DHL per ogni paese del mondo, l&#039;importo indicato di 14,90 \u20ac \u00e8 da considerarsi standard. <strong>Prezzo di spedizione standard<\/strong>.<\/p>\n\n\n\n<p>Qualora, dopo la ricezione dell&#039;ordine, si determini che per il paese di destinazione si applicano requisiti speciali DHL, costi aggiuntivi o opzioni di spedizione diverse, <strong>Vi contatteremo proattivamente.<\/strong>, al fine di elaborare una soluzione adeguata per ogni singolo individuo.<\/p>\n\n\n\n<h3 class=\"wp-block-heading\">\ud83c\udf10 <strong>Dazi doganali e tasse di importazione<\/strong><\/h3>\n\n\n\n<p><strong>Unione Europea<\/strong><br>Nessun costo aggiuntivo.<br><br><strong>Cittadini extra UE<\/strong><br>Nella maggior parte dei paesi, i dazi di importazione sono a carico del destinatario.<br><strong>Eccezione: USA<\/strong> \u2013 Ci occupiamo di tutte le spese doganali e dei dazi di importazione (PDDP).<\/p>\n\n\n\n<h2 class=\"wp-block-heading\"><strong>Tempi di consegna<\/strong><\/h2>\n\n\n\n<p>Poich\u00e9 tutti i prodotti TameGuard sono singolarmente in <strong>processo di stampa 3D<\/strong> La produzione inizia una volta che i beni sono stati fabbricati. <strong>solo dopo aver ricevuto l&#039;ordine<\/strong>.<\/p>\n\n\n\n<p>I tempi di consegna stimati sono:<\/p>\n\n\n\n<ul class=\"wp-block-list\">\n<li><strong>Germania:<\/strong> 4-8 giorni lavorativi<\/li>\n\n\n\n<li><strong>Unione Europea (al di fuori della Germania):<\/strong> 5-12 giorni lavorativi<\/li>\n\n\n\n<li><strong>Stati Uniti d&#039;America (USA):<\/strong> 10\u201320 giorni lavorativi<\/li>\n\n\n\n<li><strong>Resto del mondo:<\/strong> 10\u201325 giorni lavorativi<\/li>\n<\/ul>\n\n\n\n<p>Queste informazioni sono <strong>Valori guida<\/strong>.<br>I tempi di consegna effettivi possono variare a seconda di DHL, del livello di capacit\u00e0 produttiva, dei controlli internazionali e dei tempi di produzione individuali.<\/p>\n\n\n\n<p><\/p>","protected":false},"excerpt":{"rendered":"<p>Der Versand erfolgt ausschlie\u00dflich mit DHL.Alle Bestellungen werden aus Deutschland versendet und beinhalten Premium-Versand mit Sendungsverfolgung (Tracking).Dies gilt sowohl f\u00fcr [&hellip;]<\/p>\n","protected":false},"author":1,"featured_media":0,"parent":0,"menu_order":0,"comment_status":"closed","ping_status":"closed","template":"","meta":{"_seopress_robots_primary_cat":"","_seopress_titles_title":"Versandarten und Versandkosten f\u00fcr TameGuard K\u00e4fige","_seopress_titles_desc":"Versandarten und Versandkosten bei TameGuard: Informiere dich \u00fcber Lieferoptionen, Kosten, Versandzeiten und wichtige Hinweise zur Bestellung.","_seopress_robots_index":"","site-sidebar-layout":"default","site-content-layout":"","ast-site-content-layout":"default","site-content-style":"default","site-sidebar-style":"default","ast-global-header-display":"","ast-banner-title-visibility":"","ast-main-header-display":"","ast-hfb-above-header-display":"","ast-hfb-below-header-display":"","ast-hfb-mobile-header-display":"","site-post-title":"","ast-breadcrumbs-content":"","ast-featured-img":"","footer-sml-layout":"","ast-disable-related-posts":"","theme-transparent-header-meta":"","adv-header-id-meta":"","stick-header-meta":"","header-above-stick-meta":"","header-main-stick-meta":"","header-below-stick-meta":"","astra-migrate-meta-layouts":"default","ast-page-background-enabled":"default","ast-page-background-meta":{"desktop":{"background-color":"var(--ast-global-color-5)","background-image":"","background-repeat":"repeat","background-position":"center center","background-size":"auto","background-attachment":"scroll","background-type":"","background-media":"","overlay-type":"","overlay-color":"","overlay-opacity":"","overlay-gradient":""},"tablet":{"background-color":"","background-image":"","background-repeat":"repeat","background-position":"center center","background-size":"auto","background-attachment":"scroll","background-type":"","background-media":"","overlay-type":"","overlay-color":"","overlay-opacity":"","overlay-gradient":""},"mobile":{"background-color":"","background-image":"","background-repeat":"repeat","background-position":"center center","background-size":"auto","background-attachment":"scroll","background-type":"","background-media":"","overlay-type":"","overlay-color":"","overlay-opacity":"","overlay-gradient":""}},"ast-content-background-meta":{"desktop":{"background-color":"var(--ast-global-color-4)","background-image":"","background-repeat":"repeat","background-position":"center center","background-size":"auto","background-attachment":"scroll","background-type":"","background-media":"","overlay-type":"","overlay-color":"","overlay-opacity":"","overlay-gradient":""},"tablet":{"background-color":"var(--ast-global-color-4)","background-image":"","background-repeat":"repeat","background-position":"center center","background-size":"auto","background-attachment":"scroll","background-type":"","background-media":"","overlay-type":"","overlay-color":"","overlay-opacity":"","overlay-gradient":""},"mobile":{"background-color":"var(--ast-global-color-4)","background-image":"","background-repeat":"repeat","background-position":"center center","background-size":"auto","background-attachment":"scroll","background-type":"","background-media":"","overlay-type":"","overlay-color":"","overlay-opacity":"","overlay-gradient":""}},"footnotes":""},"class_list":["post-931","page","type-page","status-publish","hentry"],"_links":{"self":[{"href":"https:\/\/tameguard.de\/it\/wp-json\/wp\/v2\/pages\/931","targetHints":{"allow":["GET"]}}],"collection":[{"href":"https:\/\/tameguard.de\/it\/wp-json\/wp\/v2\/pages"}],"about":[{"href":"https:\/\/tameguard.de\/it\/wp-json\/wp\/v2\/types\/page"}],"author":[{"embeddable":true,"href":"https:\/\/tameguard.de\/it\/wp-json\/wp\/v2\/users\/1"}],"replies":[{"embeddable":true,"href":"https:\/\/tameguard.de\/it\/wp-json\/wp\/v2\/comments?post=931"}],"version-history":[{"count":2,"href":"https:\/\/tameguard.de\/it\/wp-json\/wp\/v2\/pages\/931\/revisions"}],"predecessor-version":[{"id":3073,"href":"https:\/\/tameguard.de\/it\/wp-json\/wp\/v2\/pages\/931\/revisions\/3073"}],"wp:attachment":[{"href":"https:\/\/tameguard.de\/it\/wp-json\/wp\/v2\/media?parent=931"}],"curies":[{"name":"wp","href":"https:\/\/api.w.org\/{rel}","templated":true}]}}