{"id":3638,"date":"2026-03-04T19:59:15","date_gmt":"2026-03-04T18:59:15","guid":{"rendered":"https:\/\/tameguard.de\/?page_id=3638"},"modified":"2026-04-08T15:05:55","modified_gmt":"2026-04-08T13:05:55","slug":"faq","status":"publish","type":"page","link":"https:\/\/tameguard.de\/it\/faq\/","title":{"rendered":"FAQ"},"content":{"rendered":"<div data-elementor-type=\"wp-page\" data-elementor-id=\"3638\" class=\"elementor elementor-3638\">\n\t\t\t\t<div class=\"elementor-element elementor-element-34da9990 e-flex e-con-boxed e-con e-parent\" data-id=\"34da9990\" data-element_type=\"container\" data-e-type=\"container\">\n\t\t\t\t\t<div class=\"e-con-inner\">\n\t\t\t\t<div class=\"elementor-element elementor-element-5ea09620 elementor-widget elementor-widget-text-editor\" data-id=\"5ea09620\" data-element_type=\"widget\" data-e-type=\"widget\" data-widget_type=\"text-editor.default\">\n\t\t\t\t\t\t\t\t\t<p><strong>1. Quali sono i costi di spedizione per i diversi paesi?<br \/><\/strong>Le spese di spedizione variano a seconda del paese. Puoi trovare i dettagli qui. <a href=\"https:\/\/tameguard.de\/it\/metodi-di-spedizione\/\">Qui<\/a><\/p><p><strong data-pos=\"340\">Un avviso:<\/strong>\u00a0Per le consegne al di fuori dell&#039;UE\u00a0<strong data-pos=\"393\">Dazi doganali\/di importazione<\/strong>\u00a0costi che devono essere sostenuti dal beneficiario.<\/p>\t\t\t\t\t\t\t\t<\/div>\n\t\t\t\t\t<\/div>\n\t\t\t\t<\/div>\n\t\t<div class=\"elementor-element elementor-element-e78a1db e-flex e-con-boxed e-con e-parent\" data-id=\"e78a1db\" data-element_type=\"container\" data-e-type=\"container\">\n\t\t\t\t\t<div class=\"e-con-inner\">\n\t\t\t\t<div class=\"elementor-element elementor-element-221d0a6 elementor-widget-divider--view-line elementor-widget elementor-widget-divider\" data-id=\"221d0a6\" data-element_type=\"widget\" data-e-type=\"widget\" data-widget_type=\"divider.default\">\n\t\t\t\t\t\t\t<div class=\"elementor-divider\">\n\t\t\t<span class=\"elementor-divider-separator\">\n\t\t\t\t\t\t<\/span>\n\t\t<\/div>\n\t\t\t\t\t\t<\/div>\n\t\t\t\t<div class=\"elementor-element elementor-element-2c34e5f elementor-widget elementor-widget-text-editor\" data-id=\"2c34e5f\" data-element_type=\"widget\" data-e-type=\"widget\" data-widget_type=\"text-editor.default\">\n\t\t\t\t\t\t\t\t\t<p><strong>2. Come faccio a trovare la misura giusta della gabbia?<br \/><\/strong>La taglia corretta dipende principalmente da\u00a0<strong data-pos=\"574\">Dimensioni dell&#039;anello\/base<\/strong>\u00a0E\u00a0<strong data-pos=\"597\">Lunghezza dell&#039;albero\/interno<\/strong>\u00a0lontano.<\/p><p data-pos=\"623\"><strong data-pos=\"625\">Ecco come misurare:<\/strong><\/p><ol data-pos=\"641\"><li data-pos=\"641\"><strong data-pos=\"646\">Anello\/Base:<\/strong>\u00a0Misura la circonferenza nel punto in cui l&#039;anello verr\u00e0 poi posizionato (aderente, ma non costrittivo).<\/li><li data-pos=\"767\"><strong data-pos=\"772\">Lunghezza interna:<\/strong>\u00a0Misura la lunghezza che ti risulta comoda (in uno stato di rilassamento), a seconda di ci\u00f2 che desideri indossare (discreto\/comodo).<\/li><\/ol><p data-pos=\"895\">Sul nostro <a href=\"https:\/\/tameguard.de\/it\/guida-alle-taglie\/\">Guida alle taglie<\/a> Qui puoi trovare una pagina\u00a0<strong data-pos=\"941\">Istruzioni passo passo<\/strong><\/p><p data-pos=\"1065\">In caso di dubbi: inviateci le vostre misure e vi daremo un consiglio.<\/p>\t\t\t\t\t\t\t\t<\/div>\n\t\t\t\t\t<\/div>\n\t\t\t\t<\/div>\n\t\t<div class=\"elementor-element elementor-element-01cefc2 e-flex e-con-boxed e-con e-parent\" data-id=\"01cefc2\" data-element_type=\"container\" data-e-type=\"container\">\n\t\t\t\t\t<div class=\"e-con-inner\">\n\t\t\t\t<div class=\"elementor-element elementor-element-44a9bfb elementor-widget-divider--view-line elementor-widget elementor-widget-divider\" data-id=\"44a9bfb\" data-element_type=\"widget\" data-e-type=\"widget\" data-widget_type=\"divider.default\">\n\t\t\t\t\t\t\t<div class=\"elementor-divider\">\n\t\t\t<span class=\"elementor-divider-separator\">\n\t\t\t\t\t\t<\/span>\n\t\t<\/div>\n\t\t\t\t\t\t<\/div>\n\t\t\t\t<div class=\"elementor-element elementor-element-12e74e1 elementor-widget elementor-widget-text-editor\" data-id=\"12e74e1\" data-element_type=\"widget\" data-e-type=\"widget\" data-widget_type=\"text-editor.default\">\n\t\t\t\t\t\t\t\t\t<p><b>3. C&#039;\u00e8 un modo per restituire il TameGuard?<br \/><\/b>S\u00ec. \u00c8 possibile utilizzare TameGuard nel rispetto delle normative vigenti. <a href=\"https:\/\/tameguard.de\/it\/politica-di-cancellazione\/\">Politica di ritorno<\/a> restituiscilo finch\u00e9 il <strong>Sigillo igienico<\/strong> l&#039;imballaggio <strong>illeso<\/strong> \u00c8.<br data-start=\"321\" data-end=\"324\" \/>Poich\u00e9 TameGuard viene consegnato in una custodia protettiva sigillata per motivi igienici, purtroppo non \u00e8 possibile effettuare il reso se il sigillo \u00e8 stato rotto o rimosso.<br data-start=\"514\" data-end=\"517\" \/>Se il sigillo \u00e8 intatto, il reso non rappresenta ovviamente alcun problema.<b><br \/><\/b><\/p>\t\t\t\t\t\t\t\t<\/div>\n\t\t\t\t\t<\/div>\n\t\t\t\t<\/div>\n\t\t<div class=\"elementor-element elementor-element-16dec30 e-flex e-con-boxed e-con e-parent\" data-id=\"16dec30\" data-element_type=\"container\" data-e-type=\"container\">\n\t\t\t\t\t<div class=\"e-con-inner\">\n\t\t\t\t<div class=\"elementor-element elementor-element-eed4a94 elementor-widget-divider--view-line elementor-widget elementor-widget-divider\" data-id=\"eed4a94\" data-element_type=\"widget\" data-e-type=\"widget\" data-widget_type=\"divider.default\">\n\t\t\t\t\t\t\t<div class=\"elementor-divider\">\n\t\t\t<span class=\"elementor-divider-separator\">\n\t\t\t\t\t\t<\/span>\n\t\t<\/div>\n\t\t\t\t\t\t<\/div>\n\t\t\t\t<div class=\"elementor-element elementor-element-7683fe7 elementor-widget elementor-widget-text-editor\" data-id=\"7683fe7\" data-element_type=\"widget\" data-e-type=\"widget\" data-widget_type=\"text-editor.default\">\n\t\t\t\t\t\t\t\t\t<p><b>4. Quali punte\/listelli sono adatti a me?<br \/><\/b><b><\/b>Dipende da cosa consideri prioritario:<\/p>\n<p data-pos=\"3516\"><strong data-pos=\"3518\">Maggiore comfort e una vita pi\u00f9 semplice nella quotidianit\u00e0:<br \/><\/strong>Piuttosto\u00a0<strong data-pos=\"3553\">utilizzare le doghe<br \/><\/strong>Ideale per un utilizzo prolungato e discreto.<\/p>\n<p data-pos=\"3627\"><strong data-pos=\"3629\">Maggiore controllo \/ effetto \u201canti-eccitazione\u201d:<br \/><\/strong>punte piuttosto pi\u00f9 affilate\/lunghe<br \/>Effetto pi\u00f9 intenso, ma inizialmente potrebbe essere necessario un periodo di adattamento maggiore.<\/p>\n<p data-pos=\"3786\"><strong data-pos=\"3788\">Il nostro consiglio:<\/strong><br data-pos=\"3801\" \/>Iniziate con una dose moderata e aumentatela solo se siete sicuri che comfort, vestibilit\u00e0 e tollerabilit\u00e0 cutanea siano soddisfacenti.<b><\/b><\/p>\t\t\t\t\t\t\t\t<\/div>\n\t\t\t\t\t<\/div>\n\t\t\t\t<\/div>\n\t\t<div class=\"elementor-element elementor-element-0e9561f e-flex e-con-boxed e-con e-parent\" data-id=\"0e9561f\" data-element_type=\"container\" data-e-type=\"container\">\n\t\t\t\t\t<div class=\"e-con-inner\">\n\t\t\t\t<div class=\"elementor-element elementor-element-722e9f1 elementor-widget-divider--view-line elementor-widget elementor-widget-divider\" data-id=\"722e9f1\" data-element_type=\"widget\" data-e-type=\"widget\" data-widget_type=\"divider.default\">\n\t\t\t\t\t\t\t<div class=\"elementor-divider\">\n\t\t\t<span class=\"elementor-divider-separator\">\n\t\t\t\t\t\t<\/span>\n\t\t<\/div>\n\t\t\t\t\t\t<\/div>\n\t\t\t\t<div class=\"elementor-element elementor-element-9ec4c70 elementor-widget elementor-widget-text-editor\" data-id=\"9ec4c70\" data-element_type=\"widget\" data-e-type=\"widget\" data-widget_type=\"text-editor.default\">\n\t\t\t\t\t\t\t\t\t<p><b>5. Quanto \u00e8 discreto il TameGuard sotto i vestiti?<br \/><\/b>Dipende dalla lunghezza e dalla forma della gabbia e dal tipo di abbigliamento che indossi. Le configurazioni pi\u00f9 corte e compatte sono generalmente...\u00a0<strong data-pos=\"4342\">discreto<\/strong>. I tessuti aderenti e i pantaloni chiari accentuano maggiormente le forme rispetto agli abiti larghi o scuri.<\/p>\t\t\t\t\t\t\t\t<\/div>\n\t\t\t\t\t<\/div>\n\t\t\t\t<\/div>\n\t\t<div class=\"elementor-element elementor-element-74f0cff e-flex e-con-boxed e-con e-parent\" data-id=\"74f0cff\" data-element_type=\"container\" data-e-type=\"container\">\n\t\t\t\t\t<div class=\"e-con-inner\">\n\t\t\t\t<div class=\"elementor-element elementor-element-ccaa345 elementor-widget-divider--view-line elementor-widget elementor-widget-divider\" data-id=\"ccaa345\" data-element_type=\"widget\" data-e-type=\"widget\" data-widget_type=\"divider.default\">\n\t\t\t\t\t\t\t<div class=\"elementor-divider\">\n\t\t\t<span class=\"elementor-divider-separator\">\n\t\t\t\t\t\t<\/span>\n\t\t<\/div>\n\t\t\t\t\t\t<\/div>\n\t\t\t\t<div class=\"elementor-element elementor-element-88ffac8 elementor-widget elementor-widget-text-editor\" data-id=\"88ffac8\" data-element_type=\"widget\" data-e-type=\"widget\" data-widget_type=\"text-editor.default\">\n\t\t\t\t\t\t\t\t\t<p><b>6. Il TameGuard \u00e8 impermeabile\/posso usarlo sotto la doccia?<br \/><\/b>In generale s\u00ec, \u00e8 possibile fare la doccia, ma consigliamo di rimuovere la gabbia prima per motivi igienici. Questo permette anche di pulire e asciugare la gabbia separatamente in modo pi\u00f9 efficace.<\/p>\t\t\t\t\t\t\t\t<\/div>\n\t\t\t\t\t<\/div>\n\t\t\t\t<\/div>\n\t\t<div class=\"elementor-element elementor-element-cd8002c e-flex e-con-boxed e-con e-parent\" data-id=\"cd8002c\" data-element_type=\"container\" data-e-type=\"container\">\n\t\t\t\t\t<div class=\"e-con-inner\">\n\t\t\t\t<div class=\"elementor-element elementor-element-2559a3b elementor-widget-divider--view-line elementor-widget elementor-widget-divider\" data-id=\"2559a3b\" data-element_type=\"widget\" data-e-type=\"widget\" data-widget_type=\"divider.default\">\n\t\t\t\t\t\t\t<div class=\"elementor-divider\">\n\t\t\t<span class=\"elementor-divider-separator\">\n\t\t\t\t\t\t<\/span>\n\t\t<\/div>\n\t\t\t\t\t\t<\/div>\n\t\t\t\t<div class=\"elementor-element elementor-element-ba7d22b elementor-widget elementor-widget-text-editor\" data-id=\"ba7d22b\" data-element_type=\"widget\" data-e-type=\"widget\" data-widget_type=\"text-editor.default\">\n\t\t\t\t\t\t\t\t\t<p><b>7. Posso indossare TameGuard per periodi prolungati nella vita di tutti i giorni?<br \/><\/b>Molte persone indossano TameGuard per periodi prolungati. I fattori cruciali sono...\u00a0<strong data-pos=\"4828\">taglia corretta<\/strong>, Bordi\/vestibilit\u00e0 puliti e pulizia e cura regolari. In caso di punti di pressione, intorpidimento o dolore: <strong data-pos=\"4950\">immediatamente<\/strong>\u00a0e verificare le dimensioni\/configurazione.<\/p>\t\t\t\t\t\t\t\t<\/div>\n\t\t\t\t\t<\/div>\n\t\t\t\t<\/div>\n\t\t<div class=\"elementor-element elementor-element-f8f5f05 e-flex e-con-boxed e-con e-parent\" data-id=\"f8f5f05\" data-element_type=\"container\" data-e-type=\"container\">\n\t\t\t\t\t<div class=\"e-con-inner\">\n\t\t\t\t<div class=\"elementor-element elementor-element-c7542af elementor-widget-divider--view-line elementor-widget elementor-widget-divider\" data-id=\"c7542af\" data-element_type=\"widget\" data-e-type=\"widget\" data-widget_type=\"divider.default\">\n\t\t\t\t\t\t\t<div class=\"elementor-divider\">\n\t\t\t<span class=\"elementor-divider-separator\">\n\t\t\t\t\t\t<\/span>\n\t\t<\/div>\n\t\t\t\t\t\t<\/div>\n\t\t\t\t<div class=\"elementor-element elementor-element-828bf75 elementor-widget elementor-widget-text-editor\" data-id=\"828bf75\" data-element_type=\"widget\" data-e-type=\"widget\" data-widget_type=\"text-editor.default\">\n\t\t\t\t\t\t\t\t\t<p><b>8. Di che materiale \u00e8 fatto il TameGuard?\u00a0<br \/><\/b>TameGuard \u00e8 venduto in Germania da <strong>materiali di alta qualit\u00e0 tramite stampa 3D<\/strong> prodotto.<\/p>\n<p>La gabbia stessa \u00e8 costituita da <strong>PETG<\/strong>, i SoftSpikes interni \/ <br \/>Lamelle morbide da <strong>TPU<\/strong>. La scelta dei materiali si basa deliberatamente sulla compatibilit\u00e0 con la pelle.,<br \/>Progettato per garantire stabilit\u00e0 e facilit\u00e0 di pulizia. Non vengono utilizzati prodotti chimici.<br \/>Vengono utilizzati post-trattamenti o rivestimenti.<\/p>\t\t\t\t\t\t\t\t<\/div>\n\t\t\t\t\t<\/div>\n\t\t\t\t<\/div>\n\t\t<div class=\"elementor-element elementor-element-6c813a6 e-flex e-con-boxed e-con e-parent\" data-id=\"6c813a6\" data-element_type=\"container\" data-e-type=\"container\">\n\t\t\t\t\t<div class=\"e-con-inner\">\n\t\t\t\t<div class=\"elementor-element elementor-element-2ecc75f elementor-widget-divider--view-line elementor-widget elementor-widget-divider\" data-id=\"2ecc75f\" data-element_type=\"widget\" data-e-type=\"widget\" data-widget_type=\"divider.default\">\n\t\t\t\t\t\t\t<div class=\"elementor-divider\">\n\t\t\t<span class=\"elementor-divider-separator\">\n\t\t\t\t\t\t<\/span>\n\t\t<\/div>\n\t\t\t\t\t\t<\/div>\n\t\t\t\t<div class=\"elementor-element elementor-element-373b171 elementor-widget elementor-widget-text-editor\" data-id=\"373b171\" data-element_type=\"widget\" data-e-type=\"widget\" data-widget_type=\"text-editor.default\">\n\t\t\t\t\t\t\t\t\t<p><b>9. Quanto tempo richiedono la produzione e la consegna?<br \/><\/b>Il tuo TameGuard viene stampato su richiesta, il che significa che iniziamo la produzione non appena riceviamo il tuo ordine. Tuttavia, questo implica anche che potrebbero essere necessari dei tempi di attesa durante i periodi di elevato volume di ordini.<\/p>\n<p>I tempi di consegna stimati variano a seconda del paese.<\/p>\n<ul class=\"wp-block-list\">\n<li><strong>Germania:<\/strong>\u00a04-8 giorni lavorativi<\/li>\n<li><strong>Unione Europea (al di fuori della Germania):<\/strong>\u00a05-12 giorni lavorativi<\/li>\n<li><strong>Stati Uniti d&#039;America (USA):<\/strong>\u00a010\u201320 giorni lavorativi<\/li>\n<li><strong>Resto del mondo:<\/strong>\u00a010\u201325 giorni lavorativi<\/li>\n<\/ul>\n<p>Queste informazioni sono\u00a0<strong>Valori guida<\/strong>.<\/p>\t\t\t\t\t\t\t\t<\/div>\n\t\t\t\t<div class=\"elementor-element elementor-element-4d79b9d elementor-widget-divider--view-line elementor-widget elementor-widget-divider\" data-id=\"4d79b9d\" data-element_type=\"widget\" data-e-type=\"widget\" data-widget_type=\"divider.default\">\n\t\t\t\t\t\t\t<div class=\"elementor-divider\">\n\t\t\t<span class=\"elementor-divider-separator\">\n\t\t\t\t\t\t<\/span>\n\t\t<\/div>\n\t\t\t\t\t\t<\/div>\n\t\t\t\t<div class=\"elementor-element elementor-element-ff86fbd elementor-widget elementor-widget-text-editor\" data-id=\"ff86fbd\" data-element_type=\"widget\" data-e-type=\"widget\" data-widget_type=\"text-editor.default\">\n\t\t\t\t\t\t\t\t\t<p><b>10. Posso riordinare i pezzi di ricambio?<br \/><\/b>S\u00ec, \u00e8 possibile riordinare pezzi di ricambio e accessori compatibili in qualsiasi momento. Se ci inviate il numero d&#039;ordine, vi aiuteremo a trovare il pezzo esatto di cui avete bisogno. <a href=\"https:\/\/tameguard.de\/it\/prodotto\/gabbia\/\">Qui<\/a> Trovi il <strong>Gabbie<\/strong> individualmente, <a href=\"https:\/\/tameguard.de\/it\/prodotto\/squillo\/\">Qui<\/a> IL <strong>Anelli.<\/strong><\/p>\t\t\t\t\t\t\t\t<\/div>\n\t\t\t\t<div class=\"elementor-element elementor-element-abd6318 elementor-widget-divider--view-line elementor-widget elementor-widget-divider\" data-id=\"abd6318\" data-element_type=\"widget\" data-e-type=\"widget\" data-widget_type=\"divider.default\">\n\t\t\t\t\t\t\t<div class=\"elementor-divider\">\n\t\t\t<span class=\"elementor-divider-separator\">\n\t\t\t\t\t\t<\/span>\n\t\t<\/div>\n\t\t\t\t\t\t<\/div>\n\t\t\t\t<div class=\"elementor-element elementor-element-de8498d elementor-widget elementor-widget-text-editor\" data-id=\"de8498d\" data-element_type=\"widget\" data-e-type=\"widget\" data-widget_type=\"text-editor.default\">\n\t\t\t\t\t\t\t\t\t<p><b>11. La confezione \u00e8 discreta?<br \/><\/b>S\u00ec, effettuiamo spedizioni.\u00a0<strong data-pos=\"5933\">discreto<\/strong>, senza alcuna indicazione evidente del contenuto. I dettagli relativi al nome del mittente\/imballaggio sono reperibili nella pagina di spedizione.<\/p>\t\t\t\t\t\t\t\t<\/div>\n\t\t\t\t<div class=\"elementor-element elementor-element-50070fd elementor-widget-divider--view-line elementor-widget elementor-widget-divider\" data-id=\"50070fd\" data-element_type=\"widget\" data-e-type=\"widget\" data-widget_type=\"divider.default\">\n\t\t\t\t\t\t\t<div class=\"elementor-divider\">\n\t\t\t<span class=\"elementor-divider-separator\">\n\t\t\t\t\t\t<\/span>\n\t\t<\/div>\n\t\t\t\t\t\t<\/div>\n\t\t\t\t<div class=\"elementor-element elementor-element-387398b elementor-widget elementor-widget-text-editor\" data-id=\"387398b\" data-element_type=\"widget\" data-e-type=\"widget\" data-widget_type=\"text-editor.default\">\n\t\t\t\t\t\t\t\t\t<p><b>12. Come funziona l&#039;assistenza se ho bisogno di aiuto con la configurazione?<br \/><\/b><span style=\"font-size: 16px;\">Scrivici un breve racconto sul nostro <a href=\"https:\/\/tameguard.de\/it\/contatto\/\">Modulo di contatto<\/a> (Preferibilmente con misure e obiettivo desiderato: discrezione\/comfort\/controllo). Vi risponderemo con una raccomandazione specifica.<\/span><\/p>\n<div class=\"changes__c271\" data-test=\"ticket-feed\">\n<div class=\"ring-ui-split_d212 ring-ui-common_c755 ring-ui-buttonGroup_d52e container__c758\" data-noprint=\"true\" data-test=\"ring-button-group\">\u00a0<\/div>\n<\/div>\t\t\t\t\t\t\t\t<\/div>\n\t\t\t\t\t<\/div>\n\t\t\t\t<\/div>\n\t\t\t\t<\/div>","protected":false},"excerpt":{"rendered":"<p>1. Was kostet der Versand in verschiedene L\u00e4nder?Die Versandkosten variieren je nach Land. Die Details dazu findest du hier Hinweis:\u00a0Bei [&hellip;]<\/p>\n","protected":false},"author":2,"featured_media":0,"parent":0,"menu_order":0,"comment_status":"closed","ping_status":"closed","template":"","meta":{"_seopress_robots_primary_cat":"","_seopress_titles_title":"FAQ - alle Fragen, die h\u00e4ufig zum TameGuard gestellt werden","_seopress_titles_desc":"TameGuard FAQ: Antworten zu Anwendung, Gr\u00f6\u00dfenwahl, Reinigung, Versand und Sicherheit \u2013 schnell erkl\u00e4rt f\u00fcr deine wichtigsten Fragen zum Produkt.","_seopress_robots_index":"","site-sidebar-layout":"default","site-content-layout":"","ast-site-content-layout":"default","site-content-style":"default","site-sidebar-style":"default","ast-global-header-display":"","ast-banner-title-visibility":"","ast-main-header-display":"","ast-hfb-above-header-display":"","ast-hfb-below-header-display":"","ast-hfb-mobile-header-display":"","site-post-title":"","ast-breadcrumbs-content":"","ast-featured-img":"","footer-sml-layout":"","ast-disable-related-posts":"","theme-transparent-header-meta":"","adv-header-id-meta":"","stick-header-meta":"","header-above-stick-meta":"","header-main-stick-meta":"","header-below-stick-meta":"","astra-migrate-meta-layouts":"default","ast-page-background-enabled":"default","ast-page-background-meta":{"desktop":{"background-color":"var(--ast-global-color-5)","background-image":"","background-repeat":"repeat","background-position":"center center","background-size":"auto","background-attachment":"scroll","background-type":"","background-media":"","overlay-type":"","overlay-color":"","overlay-opacity":"","overlay-gradient":""},"tablet":{"background-color":"","background-image":"","background-repeat":"repeat","background-position":"center center","background-size":"auto","background-attachment":"scroll","background-type":"","background-media":"","overlay-type":"","overlay-color":"","overlay-opacity":"","overlay-gradient":""},"mobile":{"background-color":"","background-image":"","background-repeat":"repeat","background-position":"center center","background-size":"auto","background-attachment":"scroll","background-type":"","background-media":"","overlay-type":"","overlay-color":"","overlay-opacity":"","overlay-gradient":""}},"ast-content-background-meta":{"desktop":{"background-color":"var(--ast-global-color-4)","background-image":"","background-repeat":"repeat","background-position":"center center","background-size":"auto","background-attachment":"scroll","background-type":"","background-media":"","overlay-type":"","overlay-color":"","overlay-opacity":"","overlay-gradient":""},"tablet":{"background-color":"var(--ast-global-color-4)","background-image":"","background-repeat":"repeat","background-position":"center center","background-size":"auto","background-attachment":"scroll","background-type":"","background-media":"","overlay-type":"","overlay-color":"","overlay-opacity":"","overlay-gradient":""},"mobile":{"background-color":"var(--ast-global-color-4)","background-image":"","background-repeat":"repeat","background-position":"center center","background-size":"auto","background-attachment":"scroll","background-type":"","background-media":"","overlay-type":"","overlay-color":"","overlay-opacity":"","overlay-gradient":""}},"footnotes":""},"class_list":["post-3638","page","type-page","status-publish","hentry"],"_links":{"self":[{"href":"https:\/\/tameguard.de\/it\/wp-json\/wp\/v2\/pages\/3638","targetHints":{"allow":["GET"]}}],"collection":[{"href":"https:\/\/tameguard.de\/it\/wp-json\/wp\/v2\/pages"}],"about":[{"href":"https:\/\/tameguard.de\/it\/wp-json\/wp\/v2\/types\/page"}],"author":[{"embeddable":true,"href":"https:\/\/tameguard.de\/it\/wp-json\/wp\/v2\/users\/2"}],"replies":[{"embeddable":true,"href":"https:\/\/tameguard.de\/it\/wp-json\/wp\/v2\/comments?post=3638"}],"version-history":[{"count":10,"href":"https:\/\/tameguard.de\/it\/wp-json\/wp\/v2\/pages\/3638\/revisions"}],"predecessor-version":[{"id":5076,"href":"https:\/\/tameguard.de\/it\/wp-json\/wp\/v2\/pages\/3638\/revisions\/5076"}],"wp:attachment":[{"href":"https:\/\/tameguard.de\/it\/wp-json\/wp\/v2\/media?parent=3638"}],"curies":[{"name":"wp","href":"https:\/\/api.w.org\/{rel}","templated":true}]}}