{"id":3885,"date":"2026-04-01T03:43:39","date_gmt":"2026-04-01T01:43:39","guid":{"rendered":"http:\/\/tameguard.local\/?post_type=product&#038;p=3885"},"modified":"2026-04-26T14:49:07","modified_gmt":"2026-04-26T12:49:07","slug":"kit-de-demarrage","status":"publish","type":"product","link":"https:\/\/tameguard.de\/fr\/produkt\/starterset\/","title":{"rendered":"Kit de d\u00e9marrage"},"content":{"rendered":"<h3 data-start=\"152\" data-end=\"221\">Kit de d\u00e9marrage TameGuard \u2013 Votre entr\u00e9e dans le monde du maintien et du contr\u00f4le maximum<\/h3>\n<p data-start=\"223\" data-end=\"403\">Fabriqu\u00e9 \u00e0 partir de mat\u00e9riaux de haute qualit\u00e9 <strong data-start=\"250\" data-end=\"294\">PETG utilis\u00e9 pour l&#039;impression 3D de pr\u00e9cision en Allemagne<\/strong>, le kit de d\u00e9marrage TameGuard combine <strong data-start=\"329\" data-end=\"367\"><a href=\"https:\/\/tameguard.de\/fr\/produit\/cage\/\">cage<\/a>, <a href=\"https:\/\/tameguard.de\/fr\/produit\/anneau\/\">Anneaux<\/a> et <a href=\"https:\/\/tameguard.de\/fr\/produit\/pointes-souples-lattes-souples\/\">inserts modulaires<\/a><\/strong> pour une solution parfaitement adaptable.<\/p>\n<p data-start=\"405\" data-end=\"625\">L&#039;interchangeable <strong data-start=\"424\" data-end=\"470\"><a href=\"https:\/\/tameguard.de\/fr\/produit\/pointes-souples-lattes-souples\/\">SoftSpikes et SoftSlats<\/a> fabriqu\u00e9 en TPU flexible<\/strong> Cela vous permet de r\u00e9gler individuellement le niveau de soutien et les sensations, d&#039;un confort optimal \u00e0 un soutien intense. Ainsi, votre configuration s&#039;adapte en permanence \u00e0 vos besoins.<\/p>\n<p data-start=\"627\" data-end=\"816\">Gr\u00e2ce aux trois inclus <a href=\"https:\/\/tameguard.de\/fr\/produit\/anneau\/\">Anneaux<\/a> Le si\u00e8ge est disponible en diff\u00e9rentes tailles et est \u00e9galement r\u00e9glable. <strong data-start=\"718\" data-end=\"758\">pr\u00e9cis\u00e9ment adapt\u00e9 \u00e0 votre anatomie<\/strong> \u2013 pour un maintien optimal et un confort de port exceptionnel.<\/p>\n<h5 data-start=\"823\" data-end=\"839\">\u00c9tendue de la prestation<\/h5>\n<ul data-start=\"841\" data-end=\"974\">\n<li data-start=\"841\" data-end=\"885\">Cage TameGuard (longueur et couleur s\u00e9lectionn\u00e9es)<\/li>\n<li data-start=\"886\" data-end=\"921\">3 bagues aux tailles s\u00e9lectionn\u00e9es<\/li>\n<li data-start=\"922\" data-end=\"974\">Serrure (standard ou premium, selon votre choix)<\/li>\n<li data-start=\"922\" data-end=\"974\"><strong data-start=\"976\" data-end=\"1008\">Inserts en fonction de la longueur de la cage<\/strong> (<em data-start=\"1214\" data-end=\"1254\">(dans la couleur choisie)<\/em><strong data-start=\"976\" data-end=\"1008\">:<\/strong>\n<ul data-start=\"841\" data-end=\"974\">\n<li data-start=\"922\" data-end=\"974\"><strong data-start=\"1012\" data-end=\"1038\">45\u201355 mm \u00e0 65\u201375 mm\u00a0:<\/strong><br data-start=\"1038\" data-end=\"1041\" \/>4 SoftSpikes de chaque (10 mm et 12,5 mm)<br data-start=\"1077\" data-end=\"1080\" \/>4 lattes SoftSlats chacune (10 mm et 12,5 mm)<\/li>\n<li data-start=\"922\" data-end=\"974\"><strong data-start=\"1119\" data-end=\"1135\">de 75 \u00e0 90 mm :<\/strong><br data-start=\"1135\" data-end=\"1138\" \/>6 SoftSpikes de chaque (10 mm et 12,5 mm)<br data-start=\"1174\" data-end=\"1177\" \/>6 lattes SoftSlats chacune (10 mm et 12,5 mm)<\/li>\n<\/ul>\n<\/li>\n<\/ul>\n<h5><strong>Mat\u00e9riaux et propri\u00e9t\u00e9s :<\/strong><\/h5>\n<ul>\n<li data-start=\"1291\" data-end=\"1350\">Impression 3D de haute qualit\u00e9 r\u00e9alis\u00e9e en PETG robuste (cage et anneaux)<\/li>\n<li data-start=\"1351\" data-end=\"1393\">Inserts en TPU flexible (pointes et lamelles)<\/li>\n<li data-start=\"1394\" data-end=\"1434\">Doux pour la peau, l\u00e9ger et durable<\/li>\n<li data-start=\"1435\" data-end=\"1472\">Sans m\u00e9tal, sans rev\u00eatement<\/li>\n<li data-start=\"1473\" data-end=\"1516\">Design arrondi sans ar\u00eates vives<\/li>\n<\/ul>\n<p>Vous trouverez plus d&#039;informations sur la construction et les mat\u00e9riaux sur le <a href=\"https:\/\/tameguard.de\/fr\/\" target=\"_blank\" rel=\"noopener\">Page d&#039;accueil de TameGuard<\/a>.<br \/>\nLes instructions d&#039;utilisation, de nettoyage et d&#039;entretien se trouvent sur la page. <a href=\"https:\/\/tameguard.de\/fr\/instructions\/\" target=\"_blank\" rel=\"noopener\">Instructions et entretien<\/a>.<br \/>\nVous trouverez ici <a href=\"https:\/\/tameguard.de\/fr\/guide-des-tailles\/\" target=\"_blank\" rel=\"noopener\">Aide pour les tailles<\/a>.<\/p>","protected":false},"excerpt":{"rendered":"<p>Personnalisez votre kit de d\u00e9marrage TameGuard avec tout ce dont vous avez besoin pour d\u00e9buter\u00a0: longueur de la cage, diam\u00e8tre int\u00e9rieur, couleurs et tailles des anneaux. Le kit comprend\u00a0: <a href=\"https:\/\/tameguard.de\/fr\/produit\/kaefige\/\">cage<\/a>, 3 <a href=\"https:\/\/tameguard.de\/fr\/produit\/ringe\/\">Anneaux<\/a>, <a href=\"https:\/\/tameguard.de\/fr\/produit\/schloesser\/\">Verrouillage<\/a>, ainsi que 4 diff\u00e9rents <a href=\"https:\/\/tameguard.de\/fr\/produit\/pointes-souples-lattes-souples\/\">Pointes et lattes souples<\/a>.<\/p>","protected":false},"featured_media":5014,"template":"","meta":{"_seopress_robots_primary_cat":"none","_seopress_titles_title":"Konfiguriere deinen TameGuard Keuschheitsk\u00e4fig im StarterSet","_seopress_titles_desc":"Erster ausbruchsicherer Penisk\u00e4fig individuell zusammenstellen: K\u00e4figl\u00e4nge, Innendurchmesser, Ringgr\u00f6\u00dfen, Farbe, Schloss, anti pullout Spikes","_seopress_robots_index":"","site-sidebar-layout":"default","site-content-layout":"","ast-site-content-layout":"default","site-content-style":"default","site-sidebar-style":"default","ast-global-header-display":"","ast-banner-title-visibility":"","ast-main-header-display":"","ast-hfb-above-header-display":"","ast-hfb-below-header-display":"","ast-hfb-mobile-header-display":"","site-post-title":"","ast-breadcrumbs-content":"","ast-featured-img":"","footer-sml-layout":"","ast-disable-related-posts":"","theme-transparent-header-meta":"default","adv-header-id-meta":"","stick-header-meta":"","header-above-stick-meta":"","header-main-stick-meta":"","header-below-stick-meta":"","astra-migrate-meta-layouts":"set","ast-page-background-enabled":"default","ast-page-background-meta":{"desktop":{"background-color":"var(--ast-global-color-5)","background-image":"","background-repeat":"repeat","background-position":"center center","background-size":"auto","background-attachment":"scroll","background-type":"","background-media":"","overlay-type":"","overlay-color":"","overlay-opacity":"","overlay-gradient":""},"tablet":{"background-color":"","background-image":"","background-repeat":"repeat","background-position":"center center","background-size":"auto","background-attachment":"scroll","background-type":"","background-media":"","overlay-type":"","overlay-color":"","overlay-opacity":"","overlay-gradient":""},"mobile":{"background-color":"","background-image":"","background-repeat":"repeat","background-position":"center center","background-size":"auto","background-attachment":"scroll","background-type":"","background-media":"","overlay-type":"","overlay-color":"","overlay-opacity":"","overlay-gradient":""}},"ast-content-background-meta":{"desktop":{"background-color":"var(--ast-global-color-4)","background-image":"","background-repeat":"repeat","background-position":"center center","background-size":"auto","background-attachment":"scroll","background-type":"","background-media":"","overlay-type":"","overlay-color":"","overlay-opacity":"","overlay-gradient":""},"tablet":{"background-color":"var(--ast-global-color-4)","background-image":"","background-repeat":"repeat","background-position":"center center","background-size":"auto","background-attachment":"scroll","background-type":"","background-media":"","overlay-type":"","overlay-color":"","overlay-opacity":"","overlay-gradient":""},"mobile":{"background-color":"var(--ast-global-color-4)","background-image":"","background-repeat":"repeat","background-position":"center center","background-size":"auto","background-attachment":"scroll","background-type":"","background-media":"","overlay-type":"","overlay-color":"","overlay-opacity":"","overlay-gradient":""}}},"product_brand":[],"product_cat":[24],"product_tag":[],"class_list":{"0":"post-3885","1":"product","2":"type-product","3":"status-publish","4":"has-post-thumbnail","6":"product_cat-unkategorisiert","7":"desktop-align-center","8":"tablet-align-left","9":"mobile-align-left","11":"first","12":"instock","13":"shipping-taxable","14":"purchasable","15":"product-type-variable","16":"has-default-attributes","17":"rtwpvg-product"},"_links":{"self":[{"href":"https:\/\/tameguard.de\/fr\/wp-json\/wp\/v2\/product\/3885","targetHints":{"allow":["GET"]}}],"collection":[{"href":"https:\/\/tameguard.de\/fr\/wp-json\/wp\/v2\/product"}],"about":[{"href":"https:\/\/tameguard.de\/fr\/wp-json\/wp\/v2\/types\/product"}],"version-history":[{"count":8,"href":"https:\/\/tameguard.de\/fr\/wp-json\/wp\/v2\/product\/3885\/revisions"}],"predecessor-version":[{"id":5070,"href":"https:\/\/tameguard.de\/fr\/wp-json\/wp\/v2\/product\/3885\/revisions\/5070"}],"wp:featuredmedia":[{"embeddable":true,"href":"https:\/\/tameguard.de\/fr\/wp-json\/wp\/v2\/media\/5014"}],"wp:attachment":[{"href":"https:\/\/tameguard.de\/fr\/wp-json\/wp\/v2\/media?parent=3885"}],"wp:term":[{"taxonomy":"product_brand","embeddable":true,"href":"https:\/\/tameguard.de\/fr\/wp-json\/wp\/v2\/product_brand?post=3885"},{"taxonomy":"product_cat","embeddable":true,"href":"https:\/\/tameguard.de\/fr\/wp-json\/wp\/v2\/product_cat?post=3885"},{"taxonomy":"product_tag","embeddable":true,"href":"https:\/\/tameguard.de\/fr\/wp-json\/wp\/v2\/product_tag?post=3885"}],"curies":[{"name":"wp","href":"https:\/\/api.w.org\/{rel}","templated":true}]}}