{"id":2456,"date":"2025-11-01T19:43:24","date_gmt":"2025-11-01T18:43:24","guid":{"rendered":"https:\/\/tameguard.de\/?page_id=2456"},"modified":"2026-03-07T18:05:11","modified_gmt":"2026-03-07T17:05:11","slug":"instructions","status":"publish","type":"page","link":"https:\/\/tameguard.de\/fr\/anleitung\/","title":{"rendered":"Instructions"},"content":{"rendered":"<div data-elementor-type=\"wp-page\" data-elementor-id=\"2456\" class=\"elementor elementor-2456\">\n\t\t\t\t<div class=\"elementor-element elementor-element-a496f34 e-con-full e-flex e-con e-parent\" data-id=\"a496f34\" data-element_type=\"container\" data-e-type=\"container\">\n\t\t<div class=\"elementor-element elementor-element-215fffa e-con-full e-flex e-con e-child\" data-id=\"215fffa\" data-element_type=\"container\" data-e-type=\"container\">\n\t\t\t\t<div class=\"elementor-element elementor-element-392923d elementor-widget__width-initial elementor-widget elementor-widget-text-editor\" data-id=\"392923d\" data-element_type=\"widget\" data-e-type=\"widget\" data-widget_type=\"text-editor.default\">\n\t\t\t\t\t\t\t\t\t<p><strong>Insertion des SoftSpikes<br \/><\/strong>Ins\u00e9rez les SoftSpikes dans les fentes allong\u00e9es pr\u00e9vues \u00e0 cet effet sur le dessus des deux moiti\u00e9s du TameGuard. Si vous avez command\u00e9 un kit de d\u00e9marrage, nous en pr\u00e9parons g\u00e9n\u00e9ralement un \u00e0 l&#039;avance pour vous montrer comment ins\u00e9rer les SoftSpikes. Vous pouvez facilement couper \u00e0 l&#039;aide de ciseaux les rang\u00e9es de SoftSpikes qui d\u00e9passent des bords des deux moiti\u00e9s du TameGuard. Rien ne doit d\u00e9passer sur les c\u00f4t\u00e9s, sinon les deux moiti\u00e9s du TameGuard ne pourront pas \u00eatre assembl\u00e9es.<\/p>\n<p><strong>Mettre la bague<\/strong><br \/>Enfilez l&#039;anneau de base (passez vos testicules et votre p\u00e9nis \u00e0 travers l&#039;anneau). Le connecteur doit \u00eatre orient\u00e9 vers le haut. \u00c0 vous de trouver la bonne taille. Si l&#039;anneau vous cause des douleurs pendant une p\u00e9riode prolong\u00e9e, vous avez probablement besoin d&#039;une autre taille. Cependant, il est normal de ressentir une l\u00e9g\u00e8re pression inhabituelle les deux premiers jours\u00a0; il faut simplement s&#039;y habituer. Soyez patient et essayez.<\/p>\n<p><strong>Assemblez le TameGuard<br \/><\/strong>Assemblez les deux moiti\u00e9s du TameGuard avant d&#039;ins\u00e9rer votre p\u00e9nis. Ne tentez pas de les assembler directement sur le p\u00e9nis, car cela pourrait pincer la peau.<\/p>\n<p><strong>Mettre la cage<\/strong><br \/>Une fois votre TameGuard assembl\u00e9, ins\u00e9rez d\u00e9licatement votre p\u00e9nis au repos. Maintenez fermement le TameGuard pour \u00e9viter qu&#039;il ne glisse. Les SoftSpikes rendent l&#039;insertion l\u00e9g\u00e8rement plus difficile et plus longue. Assurez-vous que le gland soit compl\u00e8tement ins\u00e9r\u00e9. Si un SoftSpike se coince ou appuie trop fort sur la peau et provoque une douleur, ouvrez simplement le TameGuard et recommencez. Vous pouvez \u00e9galement modifier la forme des picots pour obtenir l&#039;intensit\u00e9 souhait\u00e9e.<\/p>\t\t\t\t\t\t\t\t<\/div>\n\t\t\t\t<\/div>\n\t\t<div class=\"elementor-element elementor-element-180090b e-con-full e-flex e-con e-child\" data-id=\"180090b\" data-element_type=\"container\" data-e-type=\"container\">\n\t\t<div class=\"elementor-element elementor-element-720ee8e e-con-full e-flex e-con e-child\" data-id=\"720ee8e\" data-element_type=\"container\" data-e-type=\"container\">\n\t\t\t\t<div class=\"elementor-element elementor-element-03efeb6 elementor-widget__width-inherit elementor-widget elementor-widget-text-editor\" data-id=\"03efeb6\" data-element_type=\"widget\" data-e-type=\"widget\" data-widget_type=\"text-editor.default\">\n\t\t\t\t\t\t\t\t\t<p><strong>Tutoriel vid\u00e9o\u00a0:<\/strong><\/p>\t\t\t\t\t\t\t\t<\/div>\n\t\t\t\t<div class=\"elementor-element elementor-element-0a1e58c elementor-widget__width-inherit elementor-widget elementor-widget-video\" data-id=\"0a1e58c\" data-element_type=\"widget\" data-e-type=\"widget\" data-settings=\"{&quot;video_type&quot;:&quot;hosted&quot;,&quot;mute&quot;:&quot;yes&quot;,&quot;controls&quot;:&quot;yes&quot;}\" data-widget_type=\"video.default\">\n\t\t\t\t\t\t\t<div class=\"e-hosted-video elementor-wrapper elementor-open-inline\">\n\t\t\t\t\t<video class=\"elementor-video\" src=\"https:\/\/tameguard.de\/wp-content\/uploads\/2025\/11\/tameguard-instructions.mp4\" controls=\"\" preload=\"metadata\" muted=\"muted\" controlslist=\"nodownload\" poster=\"https:\/\/tameguard.de\/wp-content\/uploads\/2025\/10\/cage-black-50-65-neon-green.jpg\"><\/video>\n\t\t\t\t<\/div>\n\t\t\t\t\t\t<\/div>\n\t\t\t\t<\/div>\n\t\t<div class=\"elementor-element elementor-element-b8f8229 e-con-full e-flex e-con e-child\" data-id=\"b8f8229\" data-element_type=\"container\" data-e-type=\"container\" data-settings=\"{&quot;background_background&quot;:&quot;classic&quot;}\">\n\t\t\t\t<div class=\"elementor-element elementor-element-90fe3ed elementor-view-default elementor-widget elementor-widget-icon\" data-id=\"90fe3ed\" data-element_type=\"widget\" data-e-type=\"widget\" data-widget_type=\"icon.default\">\n\t\t\t\t\t\t\t<div class=\"elementor-icon-wrapper\">\n\t\t\t<div class=\"elementor-icon\">\n\t\t\t<svg aria-hidden=\"true\" class=\"e-font-icon-svg e-fas-tint\" viewbox=\"0 0 352 512\" xmlns=\"http:\/\/www.w3.org\/2000\/svg\"><path d=\"M205.22 22.09c-7.94-28.78-49.44-30.12-58.44 0C100.01 179.85 0 222.72 0 333.91 0 432.35 78.72 512 176 512s176-79.65 176-178.09c0-111.75-99.79-153.34-146.78-311.82zM176 448c-61.75 0-112-50.25-112-112 0-8.84 7.16-16 16-16s16 7.16 16 16c0 44.11 35.89 80 80 80 8.84 0 16 7.16 16 16s-7.16 16-16 16z\"><\/path><\/svg>\t\t\t<\/div>\n\t\t<\/div>\n\t\t\t\t\t\t<\/div>\n\t\t\t\t<div class=\"elementor-element elementor-element-ffea77f elementor-widget elementor-widget-text-editor\" data-id=\"ffea77f\" data-element_type=\"widget\" data-e-type=\"widget\" data-widget_type=\"text-editor.default\">\n\t\t\t\t\t\t\t\t\t<p class=\"p1\"><strong>Nettoyage du TameGuard<br \/><\/strong>Pour nettoyer au mieux votre TameGuard, utilisez de l&#039;eau, du savon et une brosse \u00e0 dents tous les 2 \u00e0 3 jours. Retirez les SoftSpikes au pr\u00e9alable pour pouvoir nettoyer soigneusement les alv\u00e9oles allong\u00e9es et tous les recoins.<\/p>\n<p class=\"p1\"><strong>Nettoyage et entretien des SoftSpikes<br \/><\/strong>Il est normal que les SoftSpikes se d\u00e9forment l\u00e9g\u00e8rement avec le temps. Pour leur redonner leur forme initiale, placez-les dans une petite casserole et versez de l&#039;eau bouillante dessus (pendant environ 30 secondes). Cela les nettoiera et leur redonnera leur forme.<\/p>\t\t\t\t\t\t\t\t<\/div>\n\t\t\t\t<\/div>\n\t\t\t\t<\/div>\n\t\t\t\t<\/div>\n\t\t\t\t<\/div>","protected":false},"excerpt":{"rendered":"<p>Einstecken der SoftSpikesStecke die SoftSpikes in die daf\u00fcr vorgesehenen l\u00e4nglichen Fassungen der TameGuard-H\u00e4lften von oben ein. Falls du ein StarterSet [&hellip;]<\/p>\n","protected":false},"author":1,"featured_media":0,"parent":0,"menu_order":0,"comment_status":"closed","ping_status":"closed","template":"","meta":{"_seopress_robots_primary_cat":"","_seopress_titles_title":"Anleitung - Wie funktioniert der TameGuard Keuchheitsk\u00e4fig?","_seopress_titles_desc":"TameGuard Anleitung: Erfahre Schritt f\u00fcr Schritt wie du SoftSpikes, Ring und K\u00e4fig richtig einsetzt, reinigst und deine Gr\u00f6\u00dfe leicht ermittelst.","_seopress_robots_index":"","site-sidebar-layout":"default","site-content-layout":"","ast-site-content-layout":"default","site-content-style":"default","site-sidebar-style":"default","ast-global-header-display":"","ast-banner-title-visibility":"","ast-main-header-display":"","ast-hfb-above-header-display":"","ast-hfb-below-header-display":"","ast-hfb-mobile-header-display":"","site-post-title":"","ast-breadcrumbs-content":"","ast-featured-img":"","footer-sml-layout":"","ast-disable-related-posts":"","theme-transparent-header-meta":"","adv-header-id-meta":"","stick-header-meta":"","header-above-stick-meta":"","header-main-stick-meta":"","header-below-stick-meta":"","astra-migrate-meta-layouts":"default","ast-page-background-enabled":"default","ast-page-background-meta":{"desktop":{"background-color":"var(--ast-global-color-5)","background-image":"","background-repeat":"repeat","background-position":"center center","background-size":"auto","background-attachment":"scroll","background-type":"","background-media":"","overlay-type":"","overlay-color":"","overlay-opacity":"","overlay-gradient":""},"tablet":{"background-color":"","background-image":"","background-repeat":"repeat","background-position":"center center","background-size":"auto","background-attachment":"scroll","background-type":"","background-media":"","overlay-type":"","overlay-color":"","overlay-opacity":"","overlay-gradient":""},"mobile":{"background-color":"","background-image":"","background-repeat":"repeat","background-position":"center center","background-size":"auto","background-attachment":"scroll","background-type":"","background-media":"","overlay-type":"","overlay-color":"","overlay-opacity":"","overlay-gradient":""}},"ast-content-background-meta":{"desktop":{"background-color":"var(--ast-global-color-4)","background-image":"","background-repeat":"repeat","background-position":"center center","background-size":"auto","background-attachment":"scroll","background-type":"","background-media":"","overlay-type":"","overlay-color":"","overlay-opacity":"","overlay-gradient":""},"tablet":{"background-color":"var(--ast-global-color-4)","background-image":"","background-repeat":"repeat","background-position":"center center","background-size":"auto","background-attachment":"scroll","background-type":"","background-media":"","overlay-type":"","overlay-color":"","overlay-opacity":"","overlay-gradient":""},"mobile":{"background-color":"var(--ast-global-color-4)","background-image":"","background-repeat":"repeat","background-position":"center center","background-size":"auto","background-attachment":"scroll","background-type":"","background-media":"","overlay-type":"","overlay-color":"","overlay-opacity":"","overlay-gradient":""}},"footnotes":""},"class_list":["post-2456","page","type-page","status-publish","hentry"],"_links":{"self":[{"href":"https:\/\/tameguard.de\/fr\/wp-json\/wp\/v2\/pages\/2456","targetHints":{"allow":["GET"]}}],"collection":[{"href":"https:\/\/tameguard.de\/fr\/wp-json\/wp\/v2\/pages"}],"about":[{"href":"https:\/\/tameguard.de\/fr\/wp-json\/wp\/v2\/types\/page"}],"author":[{"embeddable":true,"href":"https:\/\/tameguard.de\/fr\/wp-json\/wp\/v2\/users\/1"}],"replies":[{"embeddable":true,"href":"https:\/\/tameguard.de\/fr\/wp-json\/wp\/v2\/comments?post=2456"}],"version-history":[{"count":1,"href":"https:\/\/tameguard.de\/fr\/wp-json\/wp\/v2\/pages\/2456\/revisions"}],"predecessor-version":[{"id":3687,"href":"https:\/\/tameguard.de\/fr\/wp-json\/wp\/v2\/pages\/2456\/revisions\/3687"}],"wp:attachment":[{"href":"https:\/\/tameguard.de\/fr\/wp-json\/wp\/v2\/media?parent=2456"}],"curies":[{"name":"wp","href":"https:\/\/api.w.org\/{rel}","templated":true}]}}