{"id":930,"date":"2025-10-21T17:26:50","date_gmt":"2025-10-21T15:26:50","guid":{"rendered":"https:\/\/tameguard.de\/widerrufsbelehrung\/"},"modified":"2026-03-07T19:26:28","modified_gmt":"2026-03-07T18:26:28","slug":"politica-de-cancelacion","status":"publish","type":"page","link":"https:\/\/tameguard.de\/es\/widerrufsbelehrung\/","title":{"rendered":"Pol\u00edtica de cancelaci\u00f3n"},"content":{"rendered":"<p>A partir de 2025<\/p>\n\n\n\n<h2 class=\"wp-block-heading\"><strong>Derecho de desistimiento para los consumidores<\/strong><\/h2>\n\n\n\n<p>Tienes derecho dentro <strong>14 d\u00edas<\/strong> cancelar este contrato sin dar ninguna raz\u00f3n.<\/p>\n\n\n\n<p>El plazo de cancelaci\u00f3n es de 14 d\u00edas a partir del d\u00eda en que usted o un tercero designado por usted, que no sea el transportista, tome posesi\u00f3n de la mercanc\u00eda.<\/p>\n\n\n\n<p><strong>Para ejercer su derecho de desistimiento, debe informarnos de su decisi\u00f3n de desistir de este contrato mediante una declaraci\u00f3n inequ\u00edvoca (por ejemplo, una carta enviada por correo postal o un correo electr\u00f3nico). La declaraci\u00f3n debe enviarse a:<\/strong><\/p>\n\n\n\n<p><strong>Mat\u00edas H\u00fcther<\/strong><br>c\/o flexdienst \u2013 #11512<br>Calle Kurt-Schumacher 76<br>67663 Kaiserslautern<br>Alemania<br>Correo electr\u00f3nico: info@tameguard.de<\/p>\n\n\n\n<p>Para ello, puede utilizar el formulario de cancelaci\u00f3n de muestra adjunto, aunque no es obligatorio.<\/p>\n\n\n\n<h2 class=\"wp-block-heading\"><strong>Consecuencias de la revocaci\u00f3n<\/strong><\/h2>\n\n\n\n<p>Si cancela este contrato, le reembolsaremos todos los pagos que hayamos recibido de usted., <strong>incluidos los gastos de env\u00edo<\/strong> (excluyendo cualquier coste adicional derivado de la elecci\u00f3n de un m\u00e9todo de entrega distinto a nuestro servicio de entrega est\u00e1ndar), <strong>inmediatamente y, como m\u00e1ximo, en un plazo de 14 d\u00edas.<\/strong> El reembolso se efectuar\u00e1 a partir del d\u00eda en que recibamos su notificaci\u00f3n de cancelaci\u00f3n.<\/p>\n\n\n\n<p>Para este reembolso, utilizaremos el mismo m\u00e9todo de pago que usted utiliz\u00f3 para la transacci\u00f3n original, a menos que se haya acordado expresamente lo contrario.<\/p>\n\n\n\n<p>Podemos rechazar el reembolso, <strong>hasta que recibamos la mercanc\u00eda de vuelta<\/strong> o hasta que haya presentado una prueba de que ha devuelto la mercanc\u00eda, lo que ocurra primero.<\/p>\n\n\n\n<p>Tienen los productos <strong>inmediatamente y en cualquier caso no m\u00e1s tarde de 14 d\u00edas<\/strong> deber\u00e1 devolvernos o entregarnos el producto a partir del d\u00eda en que nos informe de la cancelaci\u00f3n de este contrato.<\/p>\n\n\n\n<p>Se cumple el plazo si env\u00eda la mercanc\u00eda antes de que expire el per\u00edodo de 14 d\u00edas.<\/p>\n\n\n\n<p>Llevan el <strong>costos directos del env\u00edo de devoluci\u00f3n<\/strong> los productos.<\/p>\n\n\n\n<h2 class=\"wp-block-heading\"><strong>Exclusi\u00f3n o vencimiento anticipado del derecho de desistimiento (productos de higiene)<\/strong><\/h2>\n\n\n\n<p>Existe el derecho de desistimiento. <strong>no<\/strong> en contratos para el suministro de bienes sellados,<\/p>\n\n\n\n<ul class=\"wp-block-list\">\n<li>aquellas por razones de protecci\u00f3n de la salud o higiene. <strong>No apto para devoluci\u00f3n<\/strong> son<\/li>\n\n\n\n<li>si su <strong>El precinto fue retirado o result\u00f3 da\u00f1ado despu\u00e9s de la entrega.<\/strong> era (\u00a7 312g p\u00e1rr. 2 n\u00fam. 3 BGB).<\/li>\n<\/ul>\n\n\n\n<p>Esto se aplica en particular a lo ofrecido <strong>Productos TameGuard<\/strong>, incluyendo componentes de jaula de PETG, p\u00faas blandas de TPU, anillos y cierre, ya que se consideran productos en contacto con el cuerpo. <strong>usado \u00edntimamente<\/strong> convertirse en.<\/p>\n\n\n\n<p>Siempre y cuando el precinto higi\u00e9nico est\u00e9 intacto. <strong>intacto<\/strong> El derecho de desistimiento se mantiene.<\/p>\n\n\n\n<h2 class=\"wp-block-heading\"><strong>Formulario de cancelaci\u00f3n de muestra<\/strong><\/h2>\n\n\n\n<p><em>(Si desea cancelar el contrato, complete este formulario y devu\u00e9lvalo).<\/em><\/p>\n\n\n\n<p><strong>A:<\/strong><br>Mat\u00edas H\u00fcther<br>c\/o flexdienst \u2013 #11512<br>Calle Kurt-Schumacher 76<br>67663 Kaiserslautern<br>Alemania<br>Correo electr\u00f3nico: info@tameguard.de<\/p>\n\n\n\n<pre class=\"wp-block-code\"><code>Yo\/Nosotros (*) por la presente revoco\/revocamos el contrato celebrado por m\u00ed\/nosotros (*) para la compra de los siguientes bienes (*): ______________________________________________________________________ Pedido el (*) \/ recibido el (*): ______________________________________________________________________ Nombre del\/de los consumidor\/es: ______________________________________________________________________ Direcci\u00f3n del\/de los consumidor\/es: ______________________________________________________________________ Fecha \/ Firma (solo para notificaci\u00f3n en papel): ______________________________________________________________________ (*) T\u00e1pese lo que no proceda.\n<\/code><\/pre>","protected":false},"excerpt":{"rendered":"<p>Stand: 2025 Widerrufsrecht f\u00fcr Verbraucher Sie haben das Recht, binnen 14 Tagen ohne Angabe von Gr\u00fcnden diesen Vertrag zu widerrufen. [&hellip;]<\/p>\n","protected":false},"author":1,"featured_media":0,"parent":0,"menu_order":0,"comment_status":"closed","ping_status":"closed","template":"","meta":{"_seopress_robots_primary_cat":"","_seopress_titles_title":"Widerrufsbelehrung - TameGuard R\u00fcckgabe &amp; Fristen","_seopress_titles_desc":"Widerrufsbelehrung von TameGuard: Alle wichtigen Informationen zu R\u00fcckgabe, Fristen, Bedingungen und deinem gesetzlichen Widerrufsrecht.","_seopress_robots_index":"","site-sidebar-layout":"default","site-content-layout":"","ast-site-content-layout":"default","site-content-style":"default","site-sidebar-style":"default","ast-global-header-display":"","ast-banner-title-visibility":"","ast-main-header-display":"","ast-hfb-above-header-display":"","ast-hfb-below-header-display":"","ast-hfb-mobile-header-display":"","site-post-title":"","ast-breadcrumbs-content":"","ast-featured-img":"","footer-sml-layout":"","ast-disable-related-posts":"","theme-transparent-header-meta":"","adv-header-id-meta":"","stick-header-meta":"","header-above-stick-meta":"","header-main-stick-meta":"","header-below-stick-meta":"","astra-migrate-meta-layouts":"default","ast-page-background-enabled":"default","ast-page-background-meta":{"desktop":{"background-color":"var(--ast-global-color-5)","background-image":"","background-repeat":"repeat","background-position":"center center","background-size":"auto","background-attachment":"scroll","background-type":"","background-media":"","overlay-type":"","overlay-color":"","overlay-opacity":"","overlay-gradient":""},"tablet":{"background-color":"","background-image":"","background-repeat":"repeat","background-position":"center center","background-size":"auto","background-attachment":"scroll","background-type":"","background-media":"","overlay-type":"","overlay-color":"","overlay-opacity":"","overlay-gradient":""},"mobile":{"background-color":"","background-image":"","background-repeat":"repeat","background-position":"center center","background-size":"auto","background-attachment":"scroll","background-type":"","background-media":"","overlay-type":"","overlay-color":"","overlay-opacity":"","overlay-gradient":""}},"ast-content-background-meta":{"desktop":{"background-color":"var(--ast-global-color-4)","background-image":"","background-repeat":"repeat","background-position":"center center","background-size":"auto","background-attachment":"scroll","background-type":"","background-media":"","overlay-type":"","overlay-color":"","overlay-opacity":"","overlay-gradient":""},"tablet":{"background-color":"var(--ast-global-color-4)","background-image":"","background-repeat":"repeat","background-position":"center center","background-size":"auto","background-attachment":"scroll","background-type":"","background-media":"","overlay-type":"","overlay-color":"","overlay-opacity":"","overlay-gradient":""},"mobile":{"background-color":"var(--ast-global-color-4)","background-image":"","background-repeat":"repeat","background-position":"center center","background-size":"auto","background-attachment":"scroll","background-type":"","background-media":"","overlay-type":"","overlay-color":"","overlay-opacity":"","overlay-gradient":""}},"footnotes":""},"class_list":["post-930","page","type-page","status-publish","hentry"],"_links":{"self":[{"href":"https:\/\/tameguard.de\/es\/wp-json\/wp\/v2\/pages\/930","targetHints":{"allow":["GET"]}}],"collection":[{"href":"https:\/\/tameguard.de\/es\/wp-json\/wp\/v2\/pages"}],"about":[{"href":"https:\/\/tameguard.de\/es\/wp-json\/wp\/v2\/types\/page"}],"author":[{"embeddable":true,"href":"https:\/\/tameguard.de\/es\/wp-json\/wp\/v2\/users\/1"}],"replies":[{"embeddable":true,"href":"https:\/\/tameguard.de\/es\/wp-json\/wp\/v2\/comments?post=930"}],"version-history":[{"count":1,"href":"https:\/\/tameguard.de\/es\/wp-json\/wp\/v2\/pages\/930\/revisions"}],"predecessor-version":[{"id":3698,"href":"https:\/\/tameguard.de\/es\/wp-json\/wp\/v2\/pages\/930\/revisions\/3698"}],"wp:attachment":[{"href":"https:\/\/tameguard.de\/es\/wp-json\/wp\/v2\/media?parent=930"}],"curies":[{"name":"wp","href":"https:\/\/api.w.org\/{rel}","templated":true}]}}