{"id":3638,"date":"2026-03-04T19:59:15","date_gmt":"2026-03-04T18:59:15","guid":{"rendered":"https:\/\/tameguard.de\/?page_id=3638"},"modified":"2026-04-08T15:05:55","modified_gmt":"2026-04-08T13:05:55","slug":"preguntas-frecuentes","status":"publish","type":"page","link":"https:\/\/tameguard.de\/es\/faq\/","title":{"rendered":"FAQ"},"content":{"rendered":"<div data-elementor-type=\"wp-page\" data-elementor-id=\"3638\" class=\"elementor elementor-3638\">\n\t\t\t\t<div class=\"elementor-element elementor-element-34da9990 e-flex e-con-boxed e-con e-parent\" data-id=\"34da9990\" data-element_type=\"container\" data-e-type=\"container\">\n\t\t\t\t\t<div class=\"e-con-inner\">\n\t\t\t\t<div class=\"elementor-element elementor-element-5ea09620 elementor-widget elementor-widget-text-editor\" data-id=\"5ea09620\" data-element_type=\"widget\" data-e-type=\"widget\" data-widget_type=\"text-editor.default\">\n\t\t\t\t\t\t\t\t\t<p><strong>1. \u00bfCu\u00e1les son los costos de env\u00edo a los diferentes pa\u00edses?<br \/><\/strong>Los gastos de env\u00edo var\u00edan seg\u00fan el pa\u00eds. Puedes consultar los detalles aqu\u00ed. <a href=\"https:\/\/tameguard.de\/es\/metodos-de-envio\/\">aqu\u00ed<\/a><\/p><p><strong data-pos=\"340\">Un aviso:<\/strong>\u00a0Para env\u00edos fuera de la UE\u00a0<strong data-pos=\"393\">Derechos de aduana\/importaci\u00f3n<\/strong>\u00a0costos que deben ser soportados por el destinatario.<\/p>\t\t\t\t\t\t\t\t<\/div>\n\t\t\t\t\t<\/div>\n\t\t\t\t<\/div>\n\t\t<div class=\"elementor-element elementor-element-e78a1db e-flex e-con-boxed e-con e-parent\" data-id=\"e78a1db\" data-element_type=\"container\" data-e-type=\"container\">\n\t\t\t\t\t<div class=\"e-con-inner\">\n\t\t\t\t<div class=\"elementor-element elementor-element-221d0a6 elementor-widget-divider--view-line elementor-widget elementor-widget-divider\" data-id=\"221d0a6\" data-element_type=\"widget\" data-e-type=\"widget\" data-widget_type=\"divider.default\">\n\t\t\t\t\t\t\t<div class=\"elementor-divider\">\n\t\t\t<span class=\"elementor-divider-separator\">\n\t\t\t\t\t\t<\/span>\n\t\t<\/div>\n\t\t\t\t\t\t<\/div>\n\t\t\t\t<div class=\"elementor-element elementor-element-2c34e5f elementor-widget elementor-widget-text-editor\" data-id=\"2c34e5f\" data-element_type=\"widget\" data-e-type=\"widget\" data-widget_type=\"text-editor.default\">\n\t\t\t\t\t\t\t\t\t<p><strong>2. \u00bfC\u00f3mo encuentro el tama\u00f1o correcto de jaula?<br \/><\/strong>El tama\u00f1o correcto depende principalmente de\u00a0<strong data-pos=\"574\">Dimensiones del anillo\/base<\/strong>\u00a0y\u00a0<strong data-pos=\"597\">Longitud del eje\/interior<\/strong>\u00a0lejos.<\/p><p data-pos=\"623\"><strong data-pos=\"625\">Aqu\u00ed te explicamos c\u00f3mo medir:<\/strong><\/p><ol data-pos=\"641\"><li data-pos=\"641\"><strong data-pos=\"646\">Anillo\/Base:<\/strong>\u00a0Mida la circunferencia en el punto donde posteriormente se colocar\u00e1 el anillo (ajustado, pero sin apretar).<\/li><li data-pos=\"767\"><strong data-pos=\"772\">Largo interior:<\/strong>\u00a0Mide la longitud que te resulte c\u00f3moda (en un estado relajado), dependiendo de tu objetivo de uso (discreto\/c\u00f3modo).<\/li><\/ol><p data-pos=\"895\">En nuestro <a href=\"https:\/\/tameguard.de\/es\/guia-de-tallas\/\">Gu\u00eda de tallas<\/a> Puedes encontrar una p\u00e1gina aqu\u00ed\u00a0<strong data-pos=\"941\">Instrucciones paso a paso<\/strong><\/p><p data-pos=\"1065\">Si no est\u00e1s seguro: Env\u00edanos tus medidas y te daremos una recomendaci\u00f3n.<\/p>\t\t\t\t\t\t\t\t<\/div>\n\t\t\t\t\t<\/div>\n\t\t\t\t<\/div>\n\t\t<div class=\"elementor-element elementor-element-01cefc2 e-flex e-con-boxed e-con e-parent\" data-id=\"01cefc2\" data-element_type=\"container\" data-e-type=\"container\">\n\t\t\t\t\t<div class=\"e-con-inner\">\n\t\t\t\t<div class=\"elementor-element elementor-element-44a9bfb elementor-widget-divider--view-line elementor-widget elementor-widget-divider\" data-id=\"44a9bfb\" data-element_type=\"widget\" data-e-type=\"widget\" data-widget_type=\"divider.default\">\n\t\t\t\t\t\t\t<div class=\"elementor-divider\">\n\t\t\t<span class=\"elementor-divider-separator\">\n\t\t\t\t\t\t<\/span>\n\t\t<\/div>\n\t\t\t\t\t\t<\/div>\n\t\t\t\t<div class=\"elementor-element elementor-element-12e74e1 elementor-widget elementor-widget-text-editor\" data-id=\"12e74e1\" data-element_type=\"widget\" data-e-type=\"widget\" data-widget_type=\"text-editor.default\">\n\t\t\t\t\t\t\t\t\t<p><b>3. \u00bfHay alguna forma de devolver el TameGuard?<br \/><\/b>S\u00ed. Puedes utilizar TameGuard dentro del marco de la normativa aplicable. <a href=\"https:\/\/tameguard.de\/es\/politica-de-cancelacion\/\">Pol\u00edtica de devoluciones<\/a> devu\u00e9lvalo siempre que <strong>Sello de higiene<\/strong> el embalaje <strong>no da\u00f1oso<\/strong> es.<br data-start=\"321\" data-end=\"324\" \/>Dado que TameGuard se entrega en un estuche protector sellado por razones de higiene, lamentablemente no es posible devolverlo si el sello est\u00e1 roto o retirado.<br data-start=\"514\" data-end=\"517\" \/>Si el precinto est\u00e1 intacto, la devoluci\u00f3n no supone ning\u00fan problema.<b><br \/><\/b><\/p>\t\t\t\t\t\t\t\t<\/div>\n\t\t\t\t\t<\/div>\n\t\t\t\t<\/div>\n\t\t<div class=\"elementor-element elementor-element-16dec30 e-flex e-con-boxed e-con e-parent\" data-id=\"16dec30\" data-element_type=\"container\" data-e-type=\"container\">\n\t\t\t\t\t<div class=\"e-con-inner\">\n\t\t\t\t<div class=\"elementor-element elementor-element-eed4a94 elementor-widget-divider--view-line elementor-widget elementor-widget-divider\" data-id=\"eed4a94\" data-element_type=\"widget\" data-e-type=\"widget\" data-widget_type=\"divider.default\">\n\t\t\t\t\t\t\t<div class=\"elementor-divider\">\n\t\t\t<span class=\"elementor-divider-separator\">\n\t\t\t\t\t\t<\/span>\n\t\t<\/div>\n\t\t\t\t\t\t<\/div>\n\t\t\t\t<div class=\"elementor-element elementor-element-7683fe7 elementor-widget elementor-widget-text-editor\" data-id=\"7683fe7\" data-element_type=\"widget\" data-e-type=\"widget\" data-widget_type=\"text-editor.default\">\n\t\t\t\t\t\t\t\t\t<p><b>4. \u00bfQu\u00e9 clavos o listones son adecuados para m\u00ed?<br \/><\/b><b><\/b>Eso depende de lo que priorices:<\/p>\n<p data-pos=\"3516\"><strong data-pos=\"3518\">M\u00e1s comodidad y vida cotidiana:<br \/><\/strong>bastante\u00a0<strong data-pos=\"3553\">utiliza las lamas<br \/><\/strong>Ideal para uso prolongado y discreto.<\/p>\n<p data-pos=\"3627\"><strong data-pos=\"3629\">Mayor control\/efecto \u201canti-excitaci\u00f3n\u201d:<br \/><\/strong>Picos m\u00e1s bien afilados\/largos<br \/>Efecto m\u00e1s fuerte, pero al principio puede llevar m\u00e1s tiempo acostumbrarse.<\/p>\n<p data-pos=\"3786\"><strong data-pos=\"3788\">Nuestro consejo:<\/strong><br data-pos=\"3801\" \/>Comience con una versi\u00f3n moderada y aum\u00e9ntela s\u00f3lo si est\u00e1 seguro de que la comodidad, el ajuste y la compatibilidad con la piel son satisfactorios.<b><\/b><\/p>\t\t\t\t\t\t\t\t<\/div>\n\t\t\t\t\t<\/div>\n\t\t\t\t<\/div>\n\t\t<div class=\"elementor-element elementor-element-0e9561f e-flex e-con-boxed e-con e-parent\" data-id=\"0e9561f\" data-element_type=\"container\" data-e-type=\"container\">\n\t\t\t\t\t<div class=\"e-con-inner\">\n\t\t\t\t<div class=\"elementor-element elementor-element-722e9f1 elementor-widget-divider--view-line elementor-widget elementor-widget-divider\" data-id=\"722e9f1\" data-element_type=\"widget\" data-e-type=\"widget\" data-widget_type=\"divider.default\">\n\t\t\t\t\t\t\t<div class=\"elementor-divider\">\n\t\t\t<span class=\"elementor-divider-separator\">\n\t\t\t\t\t\t<\/span>\n\t\t<\/div>\n\t\t\t\t\t\t<\/div>\n\t\t\t\t<div class=\"elementor-element elementor-element-9ec4c70 elementor-widget elementor-widget-text-editor\" data-id=\"9ec4c70\" data-element_type=\"widget\" data-e-type=\"widget\" data-widget_type=\"text-editor.default\">\n\t\t\t\t\t\t\t\t\t<p><b>5. \u00bfQu\u00e9 tan discreto es el TameGuard debajo de la ropa?<br \/><\/b>Eso depende de la longitud y la forma de la jaula, y de tu ropa. Las configuraciones m\u00e1s cortas y compactas suelen ser...\u00a0<strong data-pos=\"4342\">discreto<\/strong>. Las telas ajustadas o los pantalones de colores claros resaltan los contornos m\u00e1s que la ropa suelta u oscura.<\/p>\t\t\t\t\t\t\t\t<\/div>\n\t\t\t\t\t<\/div>\n\t\t\t\t<\/div>\n\t\t<div class=\"elementor-element elementor-element-74f0cff e-flex e-con-boxed e-con e-parent\" data-id=\"74f0cff\" data-element_type=\"container\" data-e-type=\"container\">\n\t\t\t\t\t<div class=\"e-con-inner\">\n\t\t\t\t<div class=\"elementor-element elementor-element-ccaa345 elementor-widget-divider--view-line elementor-widget elementor-widget-divider\" data-id=\"ccaa345\" data-element_type=\"widget\" data-e-type=\"widget\" data-widget_type=\"divider.default\">\n\t\t\t\t\t\t\t<div class=\"elementor-divider\">\n\t\t\t<span class=\"elementor-divider-separator\">\n\t\t\t\t\t\t<\/span>\n\t\t<\/div>\n\t\t\t\t\t\t<\/div>\n\t\t\t\t<div class=\"elementor-element elementor-element-88ffac8 elementor-widget elementor-widget-text-editor\" data-id=\"88ffac8\" data-element_type=\"widget\" data-e-type=\"widget\" data-widget_type=\"text-editor.default\">\n\t\t\t\t\t\t\t\t\t<p><b>6. \u00bfTameGuard es resistente al agua? \u00bfPuedo ducharme con \u00e9l?<br \/><\/b>Generalmente s\u00ed. Se puede duchar, pero recomendamos retirar la jaula antes por higiene. Esto tambi\u00e9n permite limpiarla y secarla por separado de forma m\u00e1s eficaz.<\/p>\t\t\t\t\t\t\t\t<\/div>\n\t\t\t\t\t<\/div>\n\t\t\t\t<\/div>\n\t\t<div class=\"elementor-element elementor-element-cd8002c e-flex e-con-boxed e-con e-parent\" data-id=\"cd8002c\" data-element_type=\"container\" data-e-type=\"container\">\n\t\t\t\t\t<div class=\"e-con-inner\">\n\t\t\t\t<div class=\"elementor-element elementor-element-2559a3b elementor-widget-divider--view-line elementor-widget elementor-widget-divider\" data-id=\"2559a3b\" data-element_type=\"widget\" data-e-type=\"widget\" data-widget_type=\"divider.default\">\n\t\t\t\t\t\t\t<div class=\"elementor-divider\">\n\t\t\t<span class=\"elementor-divider-separator\">\n\t\t\t\t\t\t<\/span>\n\t\t<\/div>\n\t\t\t\t\t\t<\/div>\n\t\t\t\t<div class=\"elementor-element elementor-element-ba7d22b elementor-widget elementor-widget-text-editor\" data-id=\"ba7d22b\" data-element_type=\"widget\" data-e-type=\"widget\" data-widget_type=\"text-editor.default\">\n\t\t\t\t\t\t\t\t\t<p><b>7. \u00bfPuedo usar TameGuard durante per\u00edodos prolongados en la vida diaria?<br \/><\/b>Muchas personas usan TameGuard durante per\u00edodos prolongados. Los factores cruciales son...\u00a0<strong data-pos=\"4828\">tama\u00f1o correcto<\/strong>, Limpie los bordes y el ajuste, y l\u00edmpielos y cu\u00eddelos con regularidad. Si presenta puntos de presi\u00f3n, entumecimiento o dolor: <strong data-pos=\"4950\">inmediatamente<\/strong>\u00a0y verifique el tama\u00f1o\/configuraci\u00f3n.<\/p>\t\t\t\t\t\t\t\t<\/div>\n\t\t\t\t\t<\/div>\n\t\t\t\t<\/div>\n\t\t<div class=\"elementor-element elementor-element-f8f5f05 e-flex e-con-boxed e-con e-parent\" data-id=\"f8f5f05\" data-element_type=\"container\" data-e-type=\"container\">\n\t\t\t\t\t<div class=\"e-con-inner\">\n\t\t\t\t<div class=\"elementor-element elementor-element-c7542af elementor-widget-divider--view-line elementor-widget elementor-widget-divider\" data-id=\"c7542af\" data-element_type=\"widget\" data-e-type=\"widget\" data-widget_type=\"divider.default\">\n\t\t\t\t\t\t\t<div class=\"elementor-divider\">\n\t\t\t<span class=\"elementor-divider-separator\">\n\t\t\t\t\t\t<\/span>\n\t\t<\/div>\n\t\t\t\t\t\t<\/div>\n\t\t\t\t<div class=\"elementor-element elementor-element-828bf75 elementor-widget elementor-widget-text-editor\" data-id=\"828bf75\" data-element_type=\"widget\" data-e-type=\"widget\" data-widget_type=\"text-editor.default\">\n\t\t\t\t\t\t\t\t\t<p><b>8. \u00bfDe qu\u00e9 material est\u00e1 hecho el TameGuard?\u00a0<br \/><\/b>TameGuard se vende en Alemania desde <strong>Materiales de alta calidad mediante impresi\u00f3n 3D<\/strong> fabricado.<\/p>\n<p>La jaula en s\u00ed consta de <strong>PETG<\/strong>, los SoftSpikes internos \/ <br \/>L\u00e1minas blandas de <strong>TPU<\/strong>. La elecci\u00f3n de los materiales se basa deliberadamente en la compatibilidad con la piel.,<br \/>Dise\u00f1ado para brindar estabilidad y f\u00e1cil limpieza. No utiliza productos qu\u00edmicos.<br \/>Se utilizan postratamientos o recubrimientos.<\/p>\t\t\t\t\t\t\t\t<\/div>\n\t\t\t\t\t<\/div>\n\t\t\t\t<\/div>\n\t\t<div class=\"elementor-element elementor-element-6c813a6 e-flex e-con-boxed e-con e-parent\" data-id=\"6c813a6\" data-element_type=\"container\" data-e-type=\"container\">\n\t\t\t\t\t<div class=\"e-con-inner\">\n\t\t\t\t<div class=\"elementor-element elementor-element-2ecc75f elementor-widget-divider--view-line elementor-widget elementor-widget-divider\" data-id=\"2ecc75f\" data-element_type=\"widget\" data-e-type=\"widget\" data-widget_type=\"divider.default\">\n\t\t\t\t\t\t\t<div class=\"elementor-divider\">\n\t\t\t<span class=\"elementor-divider-separator\">\n\t\t\t\t\t\t<\/span>\n\t\t<\/div>\n\t\t\t\t\t\t<\/div>\n\t\t\t\t<div class=\"elementor-element elementor-element-373b171 elementor-widget elementor-widget-text-editor\" data-id=\"373b171\" data-element_type=\"widget\" data-e-type=\"widget\" data-widget_type=\"text-editor.default\">\n\t\t\t\t\t\t\t\t\t<p><b>9. \u00bfCu\u00e1nto tiempo tarda la producci\u00f3n y la entrega?<br \/><\/b>Su TameGuard se imprime bajo demanda, lo que significa que comenzamos la producci\u00f3n en cuanto recibimos su pedido. Sin embargo, esto tambi\u00e9n implica que podr\u00eda requerirse un cierto tiempo de entrega durante per\u00edodos de alto volumen de pedidos.<\/p>\n<p>Los tiempos de entrega estimados var\u00edan seg\u00fan el pa\u00eds.<\/p>\n<ul class=\"wp-block-list\">\n<li><strong>Alemania:<\/strong>\u00a04\u20138 d\u00edas laborables<\/li>\n<li><strong>Uni\u00f3n Europea (fuera de Alemania):<\/strong>\u00a05\u201312 d\u00edas laborables<\/li>\n<li><strong>Estados Unidos de Am\u00e9rica (EE.UU.):<\/strong>\u00a010\u201320 d\u00edas laborables<\/li>\n<li><strong>Resto del mundo:<\/strong>\u00a010\u201325 d\u00edas laborables<\/li>\n<\/ul>\n<p>Esta informaci\u00f3n es\u00a0<strong>Valores orientativos<\/strong>.<\/p>\t\t\t\t\t\t\t\t<\/div>\n\t\t\t\t<div class=\"elementor-element elementor-element-4d79b9d elementor-widget-divider--view-line elementor-widget elementor-widget-divider\" data-id=\"4d79b9d\" data-element_type=\"widget\" data-e-type=\"widget\" data-widget_type=\"divider.default\">\n\t\t\t\t\t\t\t<div class=\"elementor-divider\">\n\t\t\t<span class=\"elementor-divider-separator\">\n\t\t\t\t\t\t<\/span>\n\t\t<\/div>\n\t\t\t\t\t\t<\/div>\n\t\t\t\t<div class=\"elementor-element elementor-element-ff86fbd elementor-widget elementor-widget-text-editor\" data-id=\"ff86fbd\" data-element_type=\"widget\" data-e-type=\"widget\" data-widget_type=\"text-editor.default\">\n\t\t\t\t\t\t\t\t\t<p><b>10. \u00bfPuedo volver a pedir piezas de repuesto?<br \/><\/b>S\u00ed, puede solicitar repuestos y accesorios compatibles en cualquier momento. Si nos env\u00eda su n\u00famero de pedido, le ayudaremos a encontrar la pieza exacta que necesita. <a href=\"https:\/\/tameguard.de\/es\/producto\/jaula\/\">Aqu\u00ed<\/a> \u00bfEncuentras el? <strong>Jaulas<\/strong> individualmente, <a href=\"https:\/\/tameguard.de\/es\/producto\/anillo\/\">aqu\u00ed<\/a> el <strong>Anillos.<\/strong><\/p>\t\t\t\t\t\t\t\t<\/div>\n\t\t\t\t<div class=\"elementor-element elementor-element-abd6318 elementor-widget-divider--view-line elementor-widget elementor-widget-divider\" data-id=\"abd6318\" data-element_type=\"widget\" data-e-type=\"widget\" data-widget_type=\"divider.default\">\n\t\t\t\t\t\t\t<div class=\"elementor-divider\">\n\t\t\t<span class=\"elementor-divider-separator\">\n\t\t\t\t\t\t<\/span>\n\t\t<\/div>\n\t\t\t\t\t\t<\/div>\n\t\t\t\t<div class=\"elementor-element elementor-element-de8498d elementor-widget elementor-widget-text-editor\" data-id=\"de8498d\" data-element_type=\"widget\" data-e-type=\"widget\" data-widget_type=\"text-editor.default\">\n\t\t\t\t\t\t\t\t\t<p><b>11. \u00bfEl embalaje es discreto?<br \/><\/b>S\u00ed, hacemos env\u00edos\u00a0<strong data-pos=\"5933\">discreto<\/strong>, Sin ninguna indicaci\u00f3n visible del contenido. Los detalles sobre el nombre del remitente y el embalaje se encuentran en la p\u00e1gina de env\u00edo.<\/p>\t\t\t\t\t\t\t\t<\/div>\n\t\t\t\t<div class=\"elementor-element elementor-element-50070fd elementor-widget-divider--view-line elementor-widget elementor-widget-divider\" data-id=\"50070fd\" data-element_type=\"widget\" data-e-type=\"widget\" data-widget_type=\"divider.default\">\n\t\t\t\t\t\t\t<div class=\"elementor-divider\">\n\t\t\t<span class=\"elementor-divider-separator\">\n\t\t\t\t\t\t<\/span>\n\t\t<\/div>\n\t\t\t\t\t\t<\/div>\n\t\t\t\t<div class=\"elementor-element elementor-element-387398b elementor-widget elementor-widget-text-editor\" data-id=\"387398b\" data-element_type=\"widget\" data-e-type=\"widget\" data-widget_type=\"text-editor.default\">\n\t\t\t\t\t\t\t\t\t<p><b>12. \u00bfC\u00f3mo funciona el soporte si necesito ayuda con la configuraci\u00f3n?<br \/><\/b><span style=\"font-size: 16px;\">Escr\u00edbanos una breve historia sobre nuestra <a href=\"https:\/\/tameguard.de\/es\/contacto\/\">Formulario de contacto<\/a> (Idealmente con medidas y objetivo deseado: discreci\u00f3n\/comodidad\/control). Le responderemos con una recomendaci\u00f3n espec\u00edfica.<\/span><\/p>\n<div class=\"changes__c271\" data-test=\"ticket-feed\">\n<div class=\"ring-ui-split_d212 ring-ui-common_c755 ring-ui-buttonGroup_d52e container__c758\" data-noprint=\"true\" data-test=\"ring-button-group\">\u00a0<\/div>\n<\/div>\t\t\t\t\t\t\t\t<\/div>\n\t\t\t\t\t<\/div>\n\t\t\t\t<\/div>\n\t\t\t\t<\/div>","protected":false},"excerpt":{"rendered":"<p>1. Was kostet der Versand in verschiedene L\u00e4nder?Die Versandkosten variieren je nach Land. Die Details dazu findest du hier Hinweis:\u00a0Bei [&hellip;]<\/p>\n","protected":false},"author":2,"featured_media":0,"parent":0,"menu_order":0,"comment_status":"closed","ping_status":"closed","template":"","meta":{"_seopress_robots_primary_cat":"","_seopress_titles_title":"FAQ - alle Fragen, die h\u00e4ufig zum TameGuard gestellt werden","_seopress_titles_desc":"TameGuard FAQ: Antworten zu Anwendung, Gr\u00f6\u00dfenwahl, Reinigung, Versand und Sicherheit \u2013 schnell erkl\u00e4rt f\u00fcr deine wichtigsten Fragen zum Produkt.","_seopress_robots_index":"","site-sidebar-layout":"default","site-content-layout":"","ast-site-content-layout":"default","site-content-style":"default","site-sidebar-style":"default","ast-global-header-display":"","ast-banner-title-visibility":"","ast-main-header-display":"","ast-hfb-above-header-display":"","ast-hfb-below-header-display":"","ast-hfb-mobile-header-display":"","site-post-title":"","ast-breadcrumbs-content":"","ast-featured-img":"","footer-sml-layout":"","ast-disable-related-posts":"","theme-transparent-header-meta":"","adv-header-id-meta":"","stick-header-meta":"","header-above-stick-meta":"","header-main-stick-meta":"","header-below-stick-meta":"","astra-migrate-meta-layouts":"default","ast-page-background-enabled":"default","ast-page-background-meta":{"desktop":{"background-color":"var(--ast-global-color-5)","background-image":"","background-repeat":"repeat","background-position":"center center","background-size":"auto","background-attachment":"scroll","background-type":"","background-media":"","overlay-type":"","overlay-color":"","overlay-opacity":"","overlay-gradient":""},"tablet":{"background-color":"","background-image":"","background-repeat":"repeat","background-position":"center center","background-size":"auto","background-attachment":"scroll","background-type":"","background-media":"","overlay-type":"","overlay-color":"","overlay-opacity":"","overlay-gradient":""},"mobile":{"background-color":"","background-image":"","background-repeat":"repeat","background-position":"center center","background-size":"auto","background-attachment":"scroll","background-type":"","background-media":"","overlay-type":"","overlay-color":"","overlay-opacity":"","overlay-gradient":""}},"ast-content-background-meta":{"desktop":{"background-color":"var(--ast-global-color-4)","background-image":"","background-repeat":"repeat","background-position":"center center","background-size":"auto","background-attachment":"scroll","background-type":"","background-media":"","overlay-type":"","overlay-color":"","overlay-opacity":"","overlay-gradient":""},"tablet":{"background-color":"var(--ast-global-color-4)","background-image":"","background-repeat":"repeat","background-position":"center center","background-size":"auto","background-attachment":"scroll","background-type":"","background-media":"","overlay-type":"","overlay-color":"","overlay-opacity":"","overlay-gradient":""},"mobile":{"background-color":"var(--ast-global-color-4)","background-image":"","background-repeat":"repeat","background-position":"center center","background-size":"auto","background-attachment":"scroll","background-type":"","background-media":"","overlay-type":"","overlay-color":"","overlay-opacity":"","overlay-gradient":""}},"footnotes":""},"class_list":["post-3638","page","type-page","status-publish","hentry"],"_links":{"self":[{"href":"https:\/\/tameguard.de\/es\/wp-json\/wp\/v2\/pages\/3638","targetHints":{"allow":["GET"]}}],"collection":[{"href":"https:\/\/tameguard.de\/es\/wp-json\/wp\/v2\/pages"}],"about":[{"href":"https:\/\/tameguard.de\/es\/wp-json\/wp\/v2\/types\/page"}],"author":[{"embeddable":true,"href":"https:\/\/tameguard.de\/es\/wp-json\/wp\/v2\/users\/2"}],"replies":[{"embeddable":true,"href":"https:\/\/tameguard.de\/es\/wp-json\/wp\/v2\/comments?post=3638"}],"version-history":[{"count":10,"href":"https:\/\/tameguard.de\/es\/wp-json\/wp\/v2\/pages\/3638\/revisions"}],"predecessor-version":[{"id":5076,"href":"https:\/\/tameguard.de\/es\/wp-json\/wp\/v2\/pages\/3638\/revisions\/5076"}],"wp:attachment":[{"href":"https:\/\/tameguard.de\/es\/wp-json\/wp\/v2\/media?parent=3638"}],"curies":[{"name":"wp","href":"https:\/\/api.w.org\/{rel}","templated":true}]}}