{"id":474,"date":"2025-09-19T20:44:08","date_gmt":"2025-09-19T18:44:08","guid":{"rendered":"https:\/\/tameguard.de\/?page_id=474"},"modified":"2026-04-21T16:27:51","modified_gmt":"2026-04-21T14:27:51","slug":"size-guide","status":"publish","type":"page","link":"https:\/\/tameguard.de\/en\/groessen-guide\/","title":{"rendered":"Size Guide"},"content":{"rendered":"<div data-elementor-type=\"wp-page\" data-elementor-id=\"474\" class=\"elementor elementor-474\">\n\t\t\t\t<div class=\"elementor-element elementor-element-59b3ea9 e-con-full e-flex e-con e-parent\" data-id=\"59b3ea9\" data-element_type=\"container\" data-e-type=\"container\" data-settings=\"{&quot;background_background&quot;:&quot;classic&quot;}\">\n\t\t\t\t<div class=\"elementor-element elementor-element-1087d53 elementor-widget elementor-widget-text-editor\" data-id=\"1087d53\" data-element_type=\"widget\" data-e-type=\"widget\" data-widget_type=\"text-editor.default\">\n\t\t\t\t\t\t\t\t\t<p data-start=\"153\" data-end=\"358\">The correct size is crucial for wearing comfort: If the cage or ring is not chosen appropriately, wearing it can become uncomfortable, putting it on can be difficult, or safety can be compromised.<\/p><h4 data-start=\"153\" data-end=\"358\"><strong>Determine cage length:<\/strong><\/h4><p data-start=\"153\" data-end=\"358\">Let your penis be measured <strong data-start=\"172\" data-end=\"214\">in a flaccid, non-erect state<\/strong> Hang loosely downwards. Measure along the top \u2013 from where it attaches to the body to the tip of the glans. This will help you find the right size. <strong data-start=\"341\" data-end=\"355\">Cage length<\/strong>.<\/p><h4 data-start=\"360\" data-end=\"459\"><strong>Determine cage width:<\/strong><\/h4><p data-start=\"360\" data-end=\"459\">For the <strong data-start=\"368\" data-end=\"383\">Cage width<\/strong> Can you do this? <a href=\"https:\/\/tameguard.de\/wp-content\/uploads\/2026\/04\/sizeguide-tameguard.pdf\" target=\"_blank\" rel=\"noopener\">Size guide PDF<\/a> to use.<\/p><p data-start=\"640\" data-end=\"969\">Fold the sheet along the dotted line and carefully cut out the semicircles. Then unfold the sheet and test through the openings which size best fits your penis. Start with the smallest diameter and gradually work your way up until you find a comfortable fit.<\/p><p data-start=\"640\" data-end=\"969\">The most important thing here is the <strong data-start=\"1003\" data-end=\"1048\">Diameter in the middle of the penis shaft<\/strong>, because the soft spikes will later be located in this area.<\/p><p data-start=\"1109\" data-end=\"1344\">Is the <strong data-start=\"1117\" data-end=\"1150\">Glans wider than the shaft of the penis<\/strong>, You can use the opening through which the glans fits comfortably as a guide. This measurement is usually also a good indicator of the appropriate size. <strong data-start=\"1312\" data-end=\"1343\">Inner diameter of the cage<\/strong>.<\/p><p data-start=\"1346\" data-end=\"1579\">Is the <strong data-start=\"1354\" data-end=\"1413\">The glans is approximately the same thickness as the penis shaft or smaller.<\/strong>, you should at <strong data-start=\"1435\" data-end=\"1475\">diameter in the middle of the\u00a0<\/strong><strong data-start=\"1354\" data-end=\"1413\">penis shaft<\/strong>orient yourself. In this case, it is recommended to use approximately [a specific orientation] for the SoftSpikes. <strong data-start=\"1547\" data-end=\"1566\">2 mm extra<\/strong> to plan for.<\/p><p data-start=\"1581\" data-end=\"1754\">If your measurement falls between two sizes, it&#039;s usually best to choose the larger size. <strong data-start=\"1650\" data-end=\"1667\">larger size<\/strong> to choose a size that allows enough room for the SoftSpikes to move around and ensures the cage fits comfortably.<\/p><p data-start=\"1756\" data-end=\"1927\">If the opening is too narrow, the cage is often difficult to put on and can be uncomfortable to wear. If it is too wide, the cage offers less support and security.<\/p><h4 data-start=\"461\" data-end=\"1026\"><strong>Determine ring diameter:<\/strong><\/h4><p data-start=\"461\" data-end=\"1026\">The right one <strong>Ring diameter<\/strong> Finding the right one is a bit trickier. It&#039;s easiest if you already have rings from other cages and know your diameter.<\/p><p data-start=\"2124\" data-end=\"2354\">Alternatively, you can loosely string <strong data-start=\"279\" data-end=\"346\">around penis and testicles <\/strong>Place the string where the ring will later sit. Then measure the length of the string \u2013 that&#039;s the circumference. <strong>diameter<\/strong> You obtain this by multiplying this value by <strong data-start=\"2338\" data-end=\"2346\">3,14<\/strong> share.<\/p><p data-start=\"2356\" data-end=\"2528\">It&#039;s recommended to try several ring sizes. Our set includes three sizes, so you can take your time to find the one that&#039;s most comfortable for you.<\/p><h4 data-start=\"1028\" data-end=\"1207\">Desired size<\/h4><p data-start=\"1028\" data-end=\"1207\">You can also specify your preferred size. If we receive enough requests for certain sizes, we will most likely include them in our product range.<\/p><p data-start=\"1209\" data-end=\"1302\">If you are unsure, feel free to write to us. <strong data-start=\"1256\" data-end=\"1277\"><a class=\"decorated-link cursor-pointer\" rel=\"noopener\" data-start=\"1258\" data-end=\"1275\">info@tameguard.de<\/a><\/strong> or use this <a href=\"https:\/\/tameguard.de\/en\/contact\/\" target=\"_blank\" rel=\"noopener\">Contact form<\/a>.<\/p>\t\t\t\t\t\t\t\t<\/div>\n\t\t\t\t<\/div>\n\t\t\t\t<\/div>","protected":false},"excerpt":{"rendered":"<p>Die richtige Gr\u00f6\u00dfe ist entscheidend f\u00fcr den Tragekomfort: Ist der K\u00e4fig oder Ring nicht passend gew\u00e4hlt, kann das Tragen unangenehm [&hellip;]<\/p>\n","protected":false},"author":1,"featured_media":0,"parent":0,"menu_order":0,"comment_status":"closed","ping_status":"closed","template":"","meta":{"_seopress_robots_primary_cat":"","_seopress_titles_title":"Gr\u00f6\u00dfen-Guide - die richtige TameGuard Gr\u00f6\u00dfe finden","_seopress_titles_desc":"TameGuard Gr\u00f6\u00dfen-Guide: Finde die passende Gr\u00f6\u00dfe schnell und einfach mit klaren Hinweisen zu Sitz, Tragekomfort und Sicherheit","_seopress_robots_index":"","site-sidebar-layout":"default","site-content-layout":"","ast-site-content-layout":"default","site-content-style":"default","site-sidebar-style":"default","ast-global-header-display":"","ast-banner-title-visibility":"","ast-main-header-display":"","ast-hfb-above-header-display":"","ast-hfb-below-header-display":"","ast-hfb-mobile-header-display":"","site-post-title":"","ast-breadcrumbs-content":"","ast-featured-img":"","footer-sml-layout":"","ast-disable-related-posts":"","theme-transparent-header-meta":"","adv-header-id-meta":"","stick-header-meta":"","header-above-stick-meta":"","header-main-stick-meta":"","header-below-stick-meta":"","astra-migrate-meta-layouts":"default","ast-page-background-enabled":"default","ast-page-background-meta":{"desktop":{"background-color":"var(--ast-global-color-5)","background-image":"","background-repeat":"repeat","background-position":"center center","background-size":"auto","background-attachment":"scroll","background-type":"","background-media":"","overlay-type":"","overlay-color":"","overlay-opacity":"","overlay-gradient":""},"tablet":{"background-color":"","background-image":"","background-repeat":"repeat","background-position":"center center","background-size":"auto","background-attachment":"scroll","background-type":"","background-media":"","overlay-type":"","overlay-color":"","overlay-opacity":"","overlay-gradient":""},"mobile":{"background-color":"","background-image":"","background-repeat":"repeat","background-position":"center center","background-size":"auto","background-attachment":"scroll","background-type":"","background-media":"","overlay-type":"","overlay-color":"","overlay-opacity":"","overlay-gradient":""}},"ast-content-background-meta":{"desktop":{"background-color":"var(--ast-global-color-4)","background-image":"","background-repeat":"repeat","background-position":"center center","background-size":"auto","background-attachment":"scroll","background-type":"","background-media":"","overlay-type":"","overlay-color":"","overlay-opacity":"","overlay-gradient":""},"tablet":{"background-color":"var(--ast-global-color-4)","background-image":"","background-repeat":"repeat","background-position":"center center","background-size":"auto","background-attachment":"scroll","background-type":"","background-media":"","overlay-type":"","overlay-color":"","overlay-opacity":"","overlay-gradient":""},"mobile":{"background-color":"var(--ast-global-color-4)","background-image":"","background-repeat":"repeat","background-position":"center center","background-size":"auto","background-attachment":"scroll","background-type":"","background-media":"","overlay-type":"","overlay-color":"","overlay-opacity":"","overlay-gradient":""}},"footnotes":""},"class_list":["post-474","page","type-page","status-publish","hentry"],"_links":{"self":[{"href":"https:\/\/tameguard.de\/en\/wp-json\/wp\/v2\/pages\/474","targetHints":{"allow":["GET"]}}],"collection":[{"href":"https:\/\/tameguard.de\/en\/wp-json\/wp\/v2\/pages"}],"about":[{"href":"https:\/\/tameguard.de\/en\/wp-json\/wp\/v2\/types\/page"}],"author":[{"embeddable":true,"href":"https:\/\/tameguard.de\/en\/wp-json\/wp\/v2\/users\/1"}],"replies":[{"embeddable":true,"href":"https:\/\/tameguard.de\/en\/wp-json\/wp\/v2\/comments?post=474"}],"version-history":[{"count":10,"href":"https:\/\/tameguard.de\/en\/wp-json\/wp\/v2\/pages\/474\/revisions"}],"predecessor-version":[{"id":5206,"href":"https:\/\/tameguard.de\/en\/wp-json\/wp\/v2\/pages\/474\/revisions\/5206"}],"wp:attachment":[{"href":"https:\/\/tameguard.de\/en\/wp-json\/wp\/v2\/media?parent=474"}],"curies":[{"name":"wp","href":"https:\/\/api.w.org\/{rel}","templated":true}]}}